{"id":706,"date":"2020-09-02T16:06:41","date_gmt":"2020-09-02T16:06:41","guid":{"rendered":"https:\/\/casonadelpino.com\/inicio\/?page_id=706"},"modified":"2022-10-11T15:20:17","modified_gmt":"2022-10-11T15:20:17","slug":"canon","status":"publish","type":"page","link":"https:\/\/casonadelpino.com\/inicio\/canon\/","title":{"rendered":"ca\u00f1on"},"content":{"rendered":"\t\t<div data-elementor-type=\"wp-page\" data-elementor-id=\"706\" class=\"elementor elementor-706\" data-elementor-post-type=\"page\">\n\t\t\t\t\t\t<section class=\"elementor-section elementor-top-section elementor-element elementor-element-74a2e240 elementor-section-items-top elementor-section-height-min-height elementor-section-boxed elementor-section-height-default\" data-id=\"74a2e240\" data-element_type=\"section\" data-settings=\"{&quot;background_background&quot;:&quot;classic&quot;}\">\n\t\t\t\t\t\t\t<div class=\"elementor-background-overlay\"><\/div>\n\t\t\t\t\t\t\t<div class=\"elementor-container elementor-column-gap-default\">\n\t\t\t\t\t<div class=\"elementor-column elementor-col-100 elementor-top-column elementor-element elementor-element-736eed0\" data-id=\"736eed0\" data-element_type=\"column\">\n\t\t\t<div class=\"elementor-widget-wrap elementor-element-populated\">\n\t\t\t\t\t\t<div class=\"elementor-element elementor-element-6982f7f4 elementor-hidden-tablet elementor-hidden-phone elementor-widget elementor-widget-heading\" data-id=\"6982f7f4\" data-element_type=\"widget\" data-widget_type=\"heading.default\">\n\t\t\t\t<div class=\"elementor-widget-container\">\n\t\t\t<h1 class=\"elementor-heading-title elementor-size-large\">Ca\u00f1\u00f3n del indio<\/h1>\t\t<\/div>\n\t\t\t\t<\/div>\n\t\t\t\t<div class=\"elementor-element elementor-element-6ea9553c elementor-hidden-tablet elementor-hidden-phone elementor-widget-divider--view-line elementor-widget elementor-widget-divider\" data-id=\"6ea9553c\" data-element_type=\"widget\" data-widget_type=\"divider.default\">\n\t\t\t\t<div class=\"elementor-widget-container\">\n\t\t\t\t\t<div class=\"elementor-divider\">\n\t\t\t<span class=\"elementor-divider-separator\">\n\t\t\t\t\t\t<\/span>\n\t\t<\/div>\n\t\t\t\t<\/div>\n\t\t\t\t<\/div>\n\t\t\t\t\t<\/div>\n\t\t<\/div>\n\t\t\t\t\t<\/div>\n\t\t<\/section>\n\t\t\t\t<section class=\"elementor-section elementor-top-section elementor-element elementor-element-89b7cb7 elementor-section-boxed elementor-section-height-default elementor-section-height-default\" data-id=\"89b7cb7\" data-element_type=\"section\">\n\t\t\t\t\t\t<div class=\"elementor-container elementor-column-gap-no\">\n\t\t\t\t\t<div class=\"elementor-column elementor-col-50 elementor-top-column elementor-element elementor-element-5535fc7c\" data-id=\"5535fc7c\" data-element_type=\"column\">\n\t\t\t<div class=\"elementor-widget-wrap elementor-element-populated\">\n\t\t\t\t\t\t<div class=\"elementor-element elementor-element-3e8238f elementor-widget elementor-widget-heading\" data-id=\"3e8238f\" data-element_type=\"widget\" data-widget_type=\"heading.default\">\n\t\t\t\t<div class=\"elementor-widget-container\">\n\t\t\t<h3 class=\"elementor-heading-title elementor-size-large\">ca\u00f1\u00f3n del indio<\/h3>\t\t<\/div>\n\t\t\t\t<\/div>\n\t\t\t\t<div class=\"elementor-element elementor-element-565d05d9 elementor-widget elementor-widget-text-editor\" data-id=\"565d05d9\" data-element_type=\"widget\" data-widget_type=\"text-editor.default\">\n\t\t\t\t<div class=\"elementor-widget-container\">\n\t\t\t\t\t\t\t<p>Un estrecho pasaje entre paredones de caprichosas formas nos invita a caminar y adentrarnos en la cordillera, a tan solo 14Km de Fiambal\u00e1 nace este recorrido el cual desaf\u00eda nuestros sentidos.<\/p>\t\t\t\t\t\t<\/div>\n\t\t\t\t<\/div>\n\t\t\t\t<div class=\"elementor-element elementor-element-47052c2 elementor-widget elementor-widget-heading\" data-id=\"47052c2\" data-element_type=\"widget\" data-widget_type=\"heading.default\">\n\t\t\t\t<div class=\"elementor-widget-container\">\n\t\t\t<h2 class=\"elementor-heading-title elementor-size-default\">Ubicaci\u00f3n<\/h2>\t\t<\/div>\n\t\t\t\t<\/div>\n\t\t\t\t<div class=\"elementor-element elementor-element-6c0cbd3 elementor-widget elementor-widget-google_maps\" data-id=\"6c0cbd3\" data-element_type=\"widget\" data-widget_type=\"google_maps.default\">\n\t\t\t\t<div class=\"elementor-widget-container\">\n\t\t\t\t\t<div class=\"elementor-custom-embed\">\n\t\t\t<iframe loading=\"lazy\"\n\t\t\t\t\tdata-src=\"https:\/\/maps.google.com\/maps?q=ca%C3%B1on%20del%20indio%2C%20fiambala&#038;t=m&#038;z=10&#038;output=embed&#038;iwloc=near\"\n\t\t\t\t\ttitle=\"ca\u00f1on del indio, fiambala\"\n\t\t\t\t\taria-label=\"ca\u00f1on del indio, fiambala\"\n\t\t\t src=\"data:image\/gif;base64,R0lGODlhAQABAAAAACH5BAEKAAEALAAAAAABAAEAAAICTAEAOw==\" class=\"lazyload\" data-load-mode=\"1\"><\/iframe>\n\t\t<\/div>\n\t\t\t\t<\/div>\n\t\t\t\t<\/div>\n\t\t\t\t\t<\/div>\n\t\t<\/div>\n\t\t\t\t<div class=\"elementor-column elementor-col-50 elementor-top-column elementor-element elementor-element-6ce38260\" data-id=\"6ce38260\" data-element_type=\"column\">\n\t\t\t<div class=\"elementor-widget-wrap elementor-element-populated\">\n\t\t\t\t\t\t<div class=\"elementor-element elementor-element-519c590 elementor--h-position-center elementor--v-position-middle elementor-arrows-position-inside elementor-pagination-position-inside elementor-widget elementor-widget-slides\" data-id=\"519c590\" data-element_type=\"widget\" data-settings=\"{&quot;navigation&quot;:&quot;both&quot;,&quot;autoplay&quot;:&quot;yes&quot;,&quot;pause_on_hover&quot;:&quot;yes&quot;,&quot;pause_on_interaction&quot;:&quot;yes&quot;,&quot;autoplay_speed&quot;:5000,&quot;infinite&quot;:&quot;yes&quot;,&quot;transition&quot;:&quot;slide&quot;,&quot;transition_speed&quot;:500}\" data-widget_type=\"slides.default\">\n\t\t\t\t<div class=\"elementor-widget-container\">\n\t\t\t\t\t<div class=\"elementor-swiper\">\n\t\t\t<div class=\"elementor-slides-wrapper elementor-main-swiper swiper\" dir=\"ltr\" data-animation=\"fadeInUp\">\n\t\t\t\t<div class=\"swiper-wrapper elementor-slides\">\n\t\t\t\t\t\t\t\t\t\t<div class=\"elementor-repeater-item-8cf37e9 swiper-slide\"><div class=\"swiper-slide-bg elementor-ken-burns elementor-ken-burns--in\" role=\"img\"><\/div><div class=\"swiper-slide-inner\" ><div class=\"swiper-slide-contents\"><\/div><\/div><\/div><div class=\"elementor-repeater-item-f9c14c4 swiper-slide\"><div class=\"swiper-slide-bg elementor-ken-burns elementor-ken-burns--in\" role=\"img\"><\/div><div class=\"swiper-slide-inner\" ><div class=\"swiper-slide-contents\"><\/div><\/div><\/div><div class=\"elementor-repeater-item-93981fc swiper-slide\"><div class=\"swiper-slide-bg elementor-ken-burns elementor-ken-burns--in\" role=\"img\"><\/div><div class=\"swiper-slide-inner\" ><div class=\"swiper-slide-contents\"><\/div><\/div><\/div>\t\t\t\t<\/div>\n\t\t\t\t\t\t\t\t\t\t\t\t\t\t\t<div class=\"swiper-pagination\"><\/div>\n\t\t\t\t\t\t\t\t\t\t\t\t\t\t\t\t<div class=\"elementor-swiper-button elementor-swiper-button-prev\" role=\"button\" tabindex=\"0\">\n\t\t\t\t\t\t\t<i aria-hidden=\"true\" class=\"eicon-chevron-left\"><\/i>\t\t\t\t\t\t\t<span class=\"elementor-screen-only\">Previous slide<\/span>\n\t\t\t\t\t\t<\/div>\n\t\t\t\t\t\t<div class=\"elementor-swiper-button elementor-swiper-button-next\" role=\"button\" tabindex=\"0\">\n\t\t\t\t\t\t\t<i aria-hidden=\"true\" class=\"eicon-chevron-right\"><\/i>\t\t\t\t\t\t\t<span class=\"elementor-screen-only\">Next slide<\/span>\n\t\t\t\t\t\t<\/div>\n\t\t\t\t\t\t\t\t\t\t\t\t<\/div>\n\t\t<\/div>\n\t\t\t\t<\/div>\n\t\t\t\t<\/div>\n\t\t\t\t\t<\/div>\n\t\t<\/div>\n\t\t\t\t\t<\/div>\n\t\t<\/section>\n\t\t\t\t<\/div>\n\t\t","protected":false},"excerpt":{"rendered":"<p>Ca\u00f1\u00f3n del indio ca\u00f1\u00f3n del indio Un estrecho pasaje entre paredones de caprichosas formas nos invita a caminar y adentrarnos en la cordillera, a tan solo 14Km de Fiambal\u00e1 nace [&hellip;]<\/p>\n","protected":false},"author":2,"featured_media":0,"parent":0,"menu_order":0,"comment_status":"closed","ping_status":"closed","template":"","meta":{"site-sidebar-layout":"no-sidebar","site-content-layout":"page-builder","ast-site-content-layout":"default","site-content-style":"default","site-sidebar-style":"default","ast-global-header-display":"","ast-banner-title-visibility":"","ast-main-header-display":"","ast-hfb-above-header-display":"","ast-hfb-below-header-display":"","ast-hfb-mobile-header-display":"","site-post-title":"disabled","ast-breadcrumbs-content":"","ast-featured-img":"disabled","footer-sml-layout":"","theme-transparent-header-meta":"default","adv-header-id-meta":"","stick-header-meta":"","header-above-stick-meta":"","header-main-stick-meta":"","header-below-stick-meta":"","astra-migrate-meta-layouts":"default","ast-page-background-enabled":"default","ast-page-background-meta":{"desktop":{"background-color":"var(--ast-global-color-4)","background-image":"","background-repeat":"repeat","background-position":"center center","background-size":"auto","background-attachment":"scroll","background-type":"","background-media":"","overlay-type":"","overlay-color":"","overlay-opacity":"","overlay-gradient":""},"tablet":{"background-color":"","background-image":"","background-repeat":"repeat","background-position":"center center","background-size":"auto","background-attachment":"scroll","background-type":"","background-media":"","overlay-type":"","overlay-color":"","overlay-opacity":"","overlay-gradient":""},"mobile":{"background-color":"","background-image":"","background-repeat":"repeat","background-position":"center center","background-size":"auto","background-attachment":"scroll","background-type":"","background-media":"","overlay-type":"","overlay-color":"","overlay-opacity":"","overlay-gradient":""}},"ast-content-background-meta":{"desktop":{"background-color":"var(--ast-global-color-5)","background-image":"","background-repeat":"repeat","background-position":"center center","background-size":"auto","background-attachment":"scroll","background-type":"","background-media":"","overlay-type":"","overlay-color":"","overlay-opacity":"","overlay-gradient":""},"tablet":{"background-color":"var(--ast-global-color-5)","background-image":"","background-repeat":"repeat","background-position":"center center","background-size":"auto","background-attachment":"scroll","background-type":"","background-media":"","overlay-type":"","overlay-color":"","overlay-opacity":"","overlay-gradient":""},"mobile":{"background-color":"var(--ast-global-color-5)","background-image":"","background-repeat":"repeat","background-position":"center center","background-size":"auto","background-attachment":"scroll","background-type":"","background-media":"","overlay-type":"","overlay-color":"","overlay-opacity":"","overlay-gradient":""}},"footnotes":""},"class_list":["post-706","page","type-page","status-publish","hentry"],"yoast_head":"<!-- This site is optimized with the Yoast SEO plugin v23.2 - https:\/\/yoast.com\/wordpress\/plugins\/seo\/ -->\n<title>Ca\u00f1on del indio, Fiambala - catamarca, trekking, excursiones.<\/title>\n<meta name=\"description\" content=\"Visita esta maravilla natural en Fiambala Catamarca, el ca\u00f1on del indio se caracterisa por sus formaciones rocosas.\" \/>\n<meta name=\"robots\" content=\"index, follow, max-snippet:-1, max-image-preview:large, max-video-preview:-1\" \/>\n<link rel=\"canonical\" href=\"https:\/\/casonadelpino.com\/inicio\/canon\/\" \/>\n<meta property=\"og:locale\" content=\"es_ES\" \/>\n<meta property=\"og:type\" content=\"article\" \/>\n<meta property=\"og:title\" content=\"Ca\u00f1on del indio, Fiambala - catamarca, trekking, excursiones.\" \/>\n<meta property=\"og:description\" content=\"Visita esta maravilla natural en Fiambala Catamarca, el ca\u00f1on del indio se caracterisa por sus formaciones rocosas.\" \/>\n<meta property=\"og:url\" content=\"https:\/\/casonadelpino.com\/inicio\/canon\/\" \/>\n<meta property=\"og:site_name\" content=\"Casona del Pino\" \/>\n<meta property=\"article:modified_time\" content=\"2022-10-11T15:20:17+00:00\" \/>\n<meta name=\"twitter:card\" content=\"summary_large_image\" \/>\n<meta name=\"twitter:label1\" content=\"Tiempo de lectura\" \/>\n\t<meta name=\"twitter:data1\" content=\"1 minuto\" \/>\n<script type=\"application\/ld+json\" class=\"yoast-schema-graph\">{\"@context\":\"https:\/\/schema.org\",\"@graph\":[{\"@type\":\"WebPage\",\"@id\":\"https:\/\/casonadelpino.com\/inicio\/canon\/\",\"url\":\"https:\/\/casonadelpino.com\/inicio\/canon\/\",\"name\":\"Ca\u00f1on del indio, Fiambala - catamarca, trekking, excursiones.\",\"isPartOf\":{\"@id\":\"https:\/\/casonadelpino.com\/inicio\/#website\"},\"datePublished\":\"2020-09-02T16:06:41+00:00\",\"dateModified\":\"2022-10-11T15:20:17+00:00\",\"description\":\"Visita esta maravilla natural en Fiambala Catamarca, el ca\u00f1on del indio se caracterisa por sus formaciones rocosas.\",\"inLanguage\":\"es\",\"potentialAction\":[{\"@type\":\"ReadAction\",\"target\":[\"https:\/\/casonadelpino.com\/inicio\/canon\/\"]}]},{\"@type\":\"WebSite\",\"@id\":\"https:\/\/casonadelpino.com\/inicio\/#website\",\"url\":\"https:\/\/casonadelpino.com\/inicio\/\",\"name\":\"Casona del Pino\",\"description\":\"Hotel Boutique en Fiambal\u00e1\",\"publisher\":{\"@id\":\"https:\/\/casonadelpino.com\/inicio\/#organization\"},\"potentialAction\":[{\"@type\":\"SearchAction\",\"target\":{\"@type\":\"EntryPoint\",\"urlTemplate\":\"https:\/\/casonadelpino.com\/inicio\/?s={search_term_string}\"},\"query-input\":\"required name=search_term_string\"}],\"inLanguage\":\"es\"},{\"@type\":\"Organization\",\"@id\":\"https:\/\/casonadelpino.com\/inicio\/#organization\",\"name\":\"Casona del Pino\",\"url\":\"https:\/\/casonadelpino.com\/inicio\/\",\"logo\":{\"@type\":\"ImageObject\",\"inLanguage\":\"es\",\"@id\":\"https:\/\/casonadelpino.com\/inicio\/#\/schema\/logo\/image\/\",\"url\":\"https:\/\/casonadelpino.com\/inicio\/wp-content\/uploads\/2020\/08\/cropped-logo.png\",\"contentUrl\":\"https:\/\/casonadelpino.com\/inicio\/wp-content\/uploads\/2020\/08\/cropped-logo.png\",\"width\":215,\"height\":80,\"caption\":\"Casona del Pino\"},\"image\":{\"@id\":\"https:\/\/casonadelpino.com\/inicio\/#\/schema\/logo\/image\/\"}}]}<\/script>\n<!-- \/ Yoast SEO plugin. -->","yoast_head_json":{"title":"Ca\u00f1on del indio, Fiambala - catamarca, trekking, excursiones.","description":"Visita esta maravilla natural en Fiambala Catamarca, el ca\u00f1on del indio se caracterisa por sus formaciones rocosas.","robots":{"index":"index","follow":"follow","max-snippet":"max-snippet:-1","max-image-preview":"max-image-preview:large","max-video-preview":"max-video-preview:-1"},"canonical":"https:\/\/casonadelpino.com\/inicio\/canon\/","og_locale":"es_ES","og_type":"article","og_title":"Ca\u00f1on del indio, Fiambala - catamarca, trekking, excursiones.","og_description":"Visita esta maravilla natural en Fiambala Catamarca, el ca\u00f1on del indio se caracterisa por sus formaciones rocosas.","og_url":"https:\/\/casonadelpino.com\/inicio\/canon\/","og_site_name":"Casona del Pino","article_modified_time":"2022-10-11T15:20:17+00:00","twitter_card":"summary_large_image","twitter_misc":{"Tiempo de lectura":"1 minuto"},"schema":{"@context":"https:\/\/schema.org","@graph":[{"@type":"WebPage","@id":"https:\/\/casonadelpino.com\/inicio\/canon\/","url":"https:\/\/casonadelpino.com\/inicio\/canon\/","name":"Ca\u00f1on del indio, Fiambala - catamarca, trekking, excursiones.","isPartOf":{"@id":"https:\/\/casonadelpino.com\/inicio\/#website"},"datePublished":"2020-09-02T16:06:41+00:00","dateModified":"2022-10-11T15:20:17+00:00","description":"Visita esta maravilla natural en Fiambala Catamarca, el ca\u00f1on del indio se caracterisa por sus formaciones rocosas.","inLanguage":"es","potentialAction":[{"@type":"ReadAction","target":["https:\/\/casonadelpino.com\/inicio\/canon\/"]}]},{"@type":"WebSite","@id":"https:\/\/casonadelpino.com\/inicio\/#website","url":"https:\/\/casonadelpino.com\/inicio\/","name":"Casona del Pino","description":"Hotel Boutique en Fiambal\u00e1","publisher":{"@id":"https:\/\/casonadelpino.com\/inicio\/#organization"},"potentialAction":[{"@type":"SearchAction","target":{"@type":"EntryPoint","urlTemplate":"https:\/\/casonadelpino.com\/inicio\/?s={search_term_string}"},"query-input":"required name=search_term_string"}],"inLanguage":"es"},{"@type":"Organization","@id":"https:\/\/casonadelpino.com\/inicio\/#organization","name":"Casona del Pino","url":"https:\/\/casonadelpino.com\/inicio\/","logo":{"@type":"ImageObject","inLanguage":"es","@id":"https:\/\/casonadelpino.com\/inicio\/#\/schema\/logo\/image\/","url":"https:\/\/casonadelpino.com\/inicio\/wp-content\/uploads\/2020\/08\/cropped-logo.png","contentUrl":"https:\/\/casonadelpino.com\/inicio\/wp-content\/uploads\/2020\/08\/cropped-logo.png","width":215,"height":80,"caption":"Casona del Pino"},"image":{"@id":"https:\/\/casonadelpino.com\/inicio\/#\/schema\/logo\/image\/"}}]}},"_links":{"self":[{"href":"https:\/\/casonadelpino.com\/inicio\/wp-json\/wp\/v2\/pages\/706","targetHints":{"allow":["GET"]}}],"collection":[{"href":"https:\/\/casonadelpino.com\/inicio\/wp-json\/wp\/v2\/pages"}],"about":[{"href":"https:\/\/casonadelpino.com\/inicio\/wp-json\/wp\/v2\/types\/page"}],"author":[{"embeddable":true,"href":"https:\/\/casonadelpino.com\/inicio\/wp-json\/wp\/v2\/users\/2"}],"replies":[{"embeddable":true,"href":"https:\/\/casonadelpino.com\/inicio\/wp-json\/wp\/v2\/comments?post=706"}],"version-history":[{"count":10,"href":"https:\/\/casonadelpino.com\/inicio\/wp-json\/wp\/v2\/pages\/706\/revisions"}],"predecessor-version":[{"id":1110,"href":"https:\/\/casonadelpino.com\/inicio\/wp-json\/wp\/v2\/pages\/706\/revisions\/1110"}],"wp:attachment":[{"href":"https:\/\/casonadelpino.com\/inicio\/wp-json\/wp\/v2\/media?parent=706"}],"curies":[{"name":"wp","href":"https:\/\/api.w.org\/{rel}","templated":true}]}}