{"id":659,"date":"2020-09-02T14:20:48","date_gmt":"2020-09-02T14:20:48","guid":{"rendered":"https:\/\/casonadelpino.com\/inicio\/?page_id=659"},"modified":"2020-09-28T18:39:44","modified_gmt":"2020-09-28T18:39:44","slug":"balcon-del-pissis","status":"publish","type":"page","link":"https:\/\/casonadelpino.com\/inicio\/balcon-del-pissis\/","title":{"rendered":"balcon"},"content":{"rendered":"\t\t<div data-elementor-type=\"wp-page\" data-elementor-id=\"659\" class=\"elementor elementor-659\" data-elementor-post-type=\"page\">\n\t\t\t\t\t\t<section class=\"elementor-section elementor-top-section elementor-element elementor-element-2307bfe2 elementor-section-items-top elementor-section-height-min-height elementor-section-boxed elementor-section-height-default\" data-id=\"2307bfe2\" data-element_type=\"section\" data-settings=\"{&quot;background_background&quot;:&quot;classic&quot;}\">\n\t\t\t\t\t\t<div class=\"elementor-container elementor-column-gap-default\">\n\t\t\t\t\t<div class=\"elementor-column elementor-col-100 elementor-top-column elementor-element elementor-element-1a91bd95\" data-id=\"1a91bd95\" data-element_type=\"column\">\n\t\t\t<div class=\"elementor-widget-wrap elementor-element-populated\">\n\t\t\t\t\t\t<div class=\"elementor-element elementor-element-3188ca21 elementor-hidden-tablet elementor-hidden-phone elementor-widget elementor-widget-heading\" data-id=\"3188ca21\" data-element_type=\"widget\" data-widget_type=\"heading.default\">\n\t\t\t\t<div class=\"elementor-widget-container\">\n\t\t\t<h1 class=\"elementor-heading-title elementor-size-large\">Balc\u00f3n del Pissis<\/h1>\t\t<\/div>\n\t\t\t\t<\/div>\n\t\t\t\t<div class=\"elementor-element elementor-element-91018d4 elementor-hidden-tablet elementor-hidden-phone elementor-widget-divider--view-line elementor-widget elementor-widget-divider\" data-id=\"91018d4\" data-element_type=\"widget\" data-widget_type=\"divider.default\">\n\t\t\t\t<div class=\"elementor-widget-container\">\n\t\t\t\t\t<div class=\"elementor-divider\">\n\t\t\t<span class=\"elementor-divider-separator\">\n\t\t\t\t\t\t<\/span>\n\t\t<\/div>\n\t\t\t\t<\/div>\n\t\t\t\t<\/div>\n\t\t\t\t\t<\/div>\n\t\t<\/div>\n\t\t\t\t\t<\/div>\n\t\t<\/section>\n\t\t\t\t<section class=\"elementor-section elementor-top-section elementor-element elementor-element-5f1dd5f8 elementor-section-boxed elementor-section-height-default elementor-section-height-default\" data-id=\"5f1dd5f8\" data-element_type=\"section\">\n\t\t\t\t\t\t<div class=\"elementor-container elementor-column-gap-no\">\n\t\t\t\t\t<div class=\"elementor-column elementor-col-50 elementor-top-column elementor-element elementor-element-33fee962\" data-id=\"33fee962\" data-element_type=\"column\">\n\t\t\t<div class=\"elementor-widget-wrap elementor-element-populated\">\n\t\t\t\t\t\t<div class=\"elementor-element elementor-element-2ad1aee5 elementor-widget elementor-widget-heading\" data-id=\"2ad1aee5\" data-element_type=\"widget\" data-widget_type=\"heading.default\">\n\t\t\t\t<div class=\"elementor-widget-container\">\n\t\t\t<h3 class=\"elementor-heading-title elementor-size-large\">Balc\u00f3n del Pissis<\/h3>\t\t<\/div>\n\t\t\t\t<\/div>\n\t\t\t\t<div class=\"elementor-element elementor-element-38efabe4 elementor-widget elementor-widget-text-editor\" data-id=\"38efabe4\" data-element_type=\"widget\" data-widget_type=\"text-editor.default\">\n\t\t\t\t<div class=\"elementor-widget-container\">\n\t\t\t\t\t\t\t<p>Deslumbrante y majestuoso se presenta el monte Pissis, este volc\u00e1n inactivo alcanza los 6.882 m.s.n.m. convirti\u00e9ndose en la tercera cumbre de mayor altura del continente americano.<\/p><p>A sus pies se encuentra un gran glaciar con distintas formaciones de hielo. El balc\u00f3n del Pissis ofrece una de las vistas m\u00e1s impresionantes de la Cordillera de los Andes, desde donde se ven lagunas de distintos colores y grupos de flamencos rosados.<\/p><p>Es una traves\u00eda para deleitar los sentidos.<\/p>\t\t\t\t\t\t<\/div>\n\t\t\t\t<\/div>\n\t\t\t\t\t<\/div>\n\t\t<\/div>\n\t\t\t\t<div class=\"elementor-column elementor-col-50 elementor-top-column elementor-element elementor-element-449d4584\" data-id=\"449d4584\" data-element_type=\"column\">\n\t\t\t<div class=\"elementor-widget-wrap elementor-element-populated\">\n\t\t\t\t\t\t<div class=\"elementor-element elementor-element-c10bc6d elementor--h-position-center elementor--v-position-middle elementor-arrows-position-inside elementor-pagination-position-inside elementor-widget elementor-widget-slides\" data-id=\"c10bc6d\" data-element_type=\"widget\" data-settings=\"{&quot;navigation&quot;:&quot;both&quot;,&quot;autoplay&quot;:&quot;yes&quot;,&quot;pause_on_hover&quot;:&quot;yes&quot;,&quot;pause_on_interaction&quot;:&quot;yes&quot;,&quot;autoplay_speed&quot;:5000,&quot;infinite&quot;:&quot;yes&quot;,&quot;transition&quot;:&quot;slide&quot;,&quot;transition_speed&quot;:500}\" data-widget_type=\"slides.default\">\n\t\t\t\t<div class=\"elementor-widget-container\">\n\t\t\t\t\t<div class=\"elementor-swiper\">\n\t\t\t<div class=\"elementor-slides-wrapper elementor-main-swiper swiper\" dir=\"ltr\" data-animation=\"fadeInUp\">\n\t\t\t\t<div class=\"swiper-wrapper elementor-slides\">\n\t\t\t\t\t\t\t\t\t\t<div class=\"elementor-repeater-item-ccfd2ce swiper-slide\"><div class=\"swiper-slide-bg elementor-ken-burns elementor-ken-burns--in\" role=\"img\"><\/div><div class=\"swiper-slide-inner\" ><div class=\"swiper-slide-contents\"><\/div><\/div><\/div><div class=\"elementor-repeater-item-f81e6de swiper-slide\"><div class=\"swiper-slide-bg elementor-ken-burns elementor-ken-burns--in\" role=\"img\"><\/div><div class=\"swiper-slide-inner\" ><div class=\"swiper-slide-contents\"><\/div><\/div><\/div><div class=\"elementor-repeater-item-c4a95fe swiper-slide\"><div class=\"swiper-slide-bg\" role=\"img\"><\/div><div class=\"swiper-slide-inner\" ><div class=\"swiper-slide-contents\"><\/div><\/div><\/div><div class=\"elementor-repeater-item-17731a5 swiper-slide\"><div class=\"swiper-slide-bg\" role=\"img\"><\/div><div class=\"swiper-slide-inner\" ><div class=\"swiper-slide-contents\"><\/div><\/div><\/div>\t\t\t\t<\/div>\n\t\t\t\t\t\t\t\t\t\t\t\t\t\t\t<div class=\"swiper-pagination\"><\/div>\n\t\t\t\t\t\t\t\t\t\t\t\t\t\t\t\t<div class=\"elementor-swiper-button elementor-swiper-button-prev\" role=\"button\" tabindex=\"0\">\n\t\t\t\t\t\t\t<i aria-hidden=\"true\" class=\"eicon-chevron-left\"><\/i>\t\t\t\t\t\t\t<span class=\"elementor-screen-only\">Previous slide<\/span>\n\t\t\t\t\t\t<\/div>\n\t\t\t\t\t\t<div class=\"elementor-swiper-button elementor-swiper-button-next\" role=\"button\" tabindex=\"0\">\n\t\t\t\t\t\t\t<i aria-hidden=\"true\" class=\"eicon-chevron-right\"><\/i>\t\t\t\t\t\t\t<span class=\"elementor-screen-only\">Next slide<\/span>\n\t\t\t\t\t\t<\/div>\n\t\t\t\t\t\t\t\t\t\t\t\t<\/div>\n\t\t<\/div>\n\t\t\t\t<\/div>\n\t\t\t\t<\/div>\n\t\t\t\t<div class=\"elementor-element elementor-element-711a097 elementor-shape-rounded elementor-grid-0 e-grid-align-center elementor-widget elementor-widget-social-icons\" data-id=\"711a097\" data-element_type=\"widget\" data-widget_type=\"social-icons.default\">\n\t\t\t\t<div class=\"elementor-widget-container\">\n\t\t\t\t\t<div class=\"elementor-social-icons-wrapper elementor-grid\">\n\t\t\t\t\t\t\t<span class=\"elementor-grid-item\">\n\t\t\t\t\t<a class=\"elementor-icon elementor-social-icon elementor-social-icon-tripadvisor elementor-repeater-item-2742421\" href=\"https:\/\/www.tripadvisor.com.ar\/Attraction_Review-g1055398-d10783028-Reviews-Balcon_del_Pissis-Tinogasta_Province_of_Catamarca_Northern_Argentina.html\" target=\"_blank\">\n\t\t\t\t\t\t<span class=\"elementor-screen-only\">Tripadvisor<\/span>\n\t\t\t\t\t\t<i class=\"fab fa-tripadvisor\"><\/i>\t\t\t\t\t<\/a>\n\t\t\t\t<\/span>\n\t\t\t\t\t<\/div>\n\t\t\t\t<\/div>\n\t\t\t\t<\/div>\n\t\t\t\t\t<\/div>\n\t\t<\/div>\n\t\t\t\t\t<\/div>\n\t\t<\/section>\n\t\t\t\t<\/div>\n\t\t","protected":false},"excerpt":{"rendered":"<p>Balc\u00f3n del Pissis Balc\u00f3n del Pissis Deslumbrante y majestuoso se presenta el monte Pissis, este volc\u00e1n inactivo alcanza los 6.882 m.s.n.m. convirti\u00e9ndose en la tercera cumbre de mayor altura del [&hellip;]<\/p>\n","protected":false},"author":2,"featured_media":0,"parent":0,"menu_order":0,"comment_status":"closed","ping_status":"closed","template":"","meta":{"site-sidebar-layout":"no-sidebar","site-content-layout":"page-builder","ast-site-content-layout":"default","site-content-style":"default","site-sidebar-style":"default","ast-global-header-display":"","ast-banner-title-visibility":"","ast-main-header-display":"","ast-hfb-above-header-display":"","ast-hfb-below-header-display":"","ast-hfb-mobile-header-display":"","site-post-title":"disabled","ast-breadcrumbs-content":"","ast-featured-img":"disabled","footer-sml-layout":"","theme-transparent-header-meta":"default","adv-header-id-meta":"","stick-header-meta":"","header-above-stick-meta":"","header-main-stick-meta":"","header-below-stick-meta":"","astra-migrate-meta-layouts":"default","ast-page-background-enabled":"default","ast-page-background-meta":{"desktop":{"background-color":"var(--ast-global-color-4)","background-image":"","background-repeat":"repeat","background-position":"center center","background-size":"auto","background-attachment":"scroll","background-type":"","background-media":"","overlay-type":"","overlay-color":"","overlay-opacity":"","overlay-gradient":""},"tablet":{"background-color":"","background-image":"","background-repeat":"repeat","background-position":"center center","background-size":"auto","background-attachment":"scroll","background-type":"","background-media":"","overlay-type":"","overlay-color":"","overlay-opacity":"","overlay-gradient":""},"mobile":{"background-color":"","background-image":"","background-repeat":"repeat","background-position":"center center","background-size":"auto","background-attachment":"scroll","background-type":"","background-media":"","overlay-type":"","overlay-color":"","overlay-opacity":"","overlay-gradient":""}},"ast-content-background-meta":{"desktop":{"background-color":"var(--ast-global-color-5)","background-image":"","background-repeat":"repeat","background-position":"center center","background-size":"auto","background-attachment":"scroll","background-type":"","background-media":"","overlay-type":"","overlay-color":"","overlay-opacity":"","overlay-gradient":""},"tablet":{"background-color":"var(--ast-global-color-5)","background-image":"","background-repeat":"repeat","background-position":"center center","background-size":"auto","background-attachment":"scroll","background-type":"","background-media":"","overlay-type":"","overlay-color":"","overlay-opacity":"","overlay-gradient":""},"mobile":{"background-color":"var(--ast-global-color-5)","background-image":"","background-repeat":"repeat","background-position":"center center","background-size":"auto","background-attachment":"scroll","background-type":"","background-media":"","overlay-type":"","overlay-color":"","overlay-opacity":"","overlay-gradient":""}},"footnotes":""},"class_list":["post-659","page","type-page","status-publish","hentry"],"yoast_head":"<!-- This site is optimized with the Yoast SEO plugin v23.2 - https:\/\/yoast.com\/wordpress\/plugins\/seo\/ -->\n<title>Balcon del Pissis en Fiambala - Catamarca, un lugar unico<\/title>\n<meta name=\"description\" content=\"Balcon del Pissis en Fiambala - Catamarca. aventura, travesias, excursiones, paisajes, emociones y mucho mas. Conoc\u00e9 un lugar unico en Argentina.\" \/>\n<meta name=\"robots\" content=\"index, follow, max-snippet:-1, max-image-preview:large, max-video-preview:-1\" \/>\n<link rel=\"canonical\" href=\"https:\/\/casonadelpino.com\/inicio\/balcon-del-pissis\/\" \/>\n<meta property=\"og:locale\" content=\"es_ES\" \/>\n<meta property=\"og:type\" content=\"article\" \/>\n<meta property=\"og:title\" content=\"Balcon del Pissis en Fiambala - Catamarca, un lugar unico\" \/>\n<meta property=\"og:description\" content=\"Balcon del Pissis en Fiambala - Catamarca. aventura, travesias, excursiones, paisajes, emociones y mucho mas. Conoc\u00e9 un lugar unico en Argentina.\" \/>\n<meta property=\"og:url\" content=\"https:\/\/casonadelpino.com\/inicio\/balcon-del-pissis\/\" \/>\n<meta property=\"og:site_name\" content=\"Casona del Pino\" \/>\n<meta property=\"article:modified_time\" content=\"2020-09-28T18:39:44+00:00\" \/>\n<meta name=\"twitter:card\" content=\"summary_large_image\" \/>\n<script type=\"application\/ld+json\" class=\"yoast-schema-graph\">{\"@context\":\"https:\/\/schema.org\",\"@graph\":[{\"@type\":\"WebPage\",\"@id\":\"https:\/\/casonadelpino.com\/inicio\/balcon-del-pissis\/\",\"url\":\"https:\/\/casonadelpino.com\/inicio\/balcon-del-pissis\/\",\"name\":\"Balcon del Pissis en Fiambala - Catamarca, un lugar unico\",\"isPartOf\":{\"@id\":\"https:\/\/casonadelpino.com\/inicio\/#website\"},\"datePublished\":\"2020-09-02T14:20:48+00:00\",\"dateModified\":\"2020-09-28T18:39:44+00:00\",\"description\":\"Balcon del Pissis en Fiambala - Catamarca. aventura, travesias, excursiones, paisajes, emociones y mucho mas. Conoc\u00e9 un lugar unico en Argentina.\",\"inLanguage\":\"es\",\"potentialAction\":[{\"@type\":\"ReadAction\",\"target\":[\"https:\/\/casonadelpino.com\/inicio\/balcon-del-pissis\/\"]}]},{\"@type\":\"WebSite\",\"@id\":\"https:\/\/casonadelpino.com\/inicio\/#website\",\"url\":\"https:\/\/casonadelpino.com\/inicio\/\",\"name\":\"Casona del Pino\",\"description\":\"Hotel Boutique en Fiambal\u00e1\",\"publisher\":{\"@id\":\"https:\/\/casonadelpino.com\/inicio\/#organization\"},\"potentialAction\":[{\"@type\":\"SearchAction\",\"target\":{\"@type\":\"EntryPoint\",\"urlTemplate\":\"https:\/\/casonadelpino.com\/inicio\/?s={search_term_string}\"},\"query-input\":\"required name=search_term_string\"}],\"inLanguage\":\"es\"},{\"@type\":\"Organization\",\"@id\":\"https:\/\/casonadelpino.com\/inicio\/#organization\",\"name\":\"Casona del Pino\",\"url\":\"https:\/\/casonadelpino.com\/inicio\/\",\"logo\":{\"@type\":\"ImageObject\",\"inLanguage\":\"es\",\"@id\":\"https:\/\/casonadelpino.com\/inicio\/#\/schema\/logo\/image\/\",\"url\":\"https:\/\/casonadelpino.com\/inicio\/wp-content\/uploads\/2020\/08\/cropped-logo.png\",\"contentUrl\":\"https:\/\/casonadelpino.com\/inicio\/wp-content\/uploads\/2020\/08\/cropped-logo.png\",\"width\":215,\"height\":80,\"caption\":\"Casona del Pino\"},\"image\":{\"@id\":\"https:\/\/casonadelpino.com\/inicio\/#\/schema\/logo\/image\/\"}}]}<\/script>\n<!-- \/ Yoast SEO plugin. -->","yoast_head_json":{"title":"Balcon del Pissis en Fiambala - Catamarca, un lugar unico","description":"Balcon del Pissis en Fiambala - Catamarca. aventura, travesias, excursiones, paisajes, emociones y mucho mas. Conoc\u00e9 un lugar unico en Argentina.","robots":{"index":"index","follow":"follow","max-snippet":"max-snippet:-1","max-image-preview":"max-image-preview:large","max-video-preview":"max-video-preview:-1"},"canonical":"https:\/\/casonadelpino.com\/inicio\/balcon-del-pissis\/","og_locale":"es_ES","og_type":"article","og_title":"Balcon del Pissis en Fiambala - Catamarca, un lugar unico","og_description":"Balcon del Pissis en Fiambala - Catamarca. aventura, travesias, excursiones, paisajes, emociones y mucho mas. Conoc\u00e9 un lugar unico en Argentina.","og_url":"https:\/\/casonadelpino.com\/inicio\/balcon-del-pissis\/","og_site_name":"Casona del Pino","article_modified_time":"2020-09-28T18:39:44+00:00","twitter_card":"summary_large_image","schema":{"@context":"https:\/\/schema.org","@graph":[{"@type":"WebPage","@id":"https:\/\/casonadelpino.com\/inicio\/balcon-del-pissis\/","url":"https:\/\/casonadelpino.com\/inicio\/balcon-del-pissis\/","name":"Balcon del Pissis en Fiambala - Catamarca, un lugar unico","isPartOf":{"@id":"https:\/\/casonadelpino.com\/inicio\/#website"},"datePublished":"2020-09-02T14:20:48+00:00","dateModified":"2020-09-28T18:39:44+00:00","description":"Balcon del Pissis en Fiambala - Catamarca. aventura, travesias, excursiones, paisajes, emociones y mucho mas. Conoc\u00e9 un lugar unico en Argentina.","inLanguage":"es","potentialAction":[{"@type":"ReadAction","target":["https:\/\/casonadelpino.com\/inicio\/balcon-del-pissis\/"]}]},{"@type":"WebSite","@id":"https:\/\/casonadelpino.com\/inicio\/#website","url":"https:\/\/casonadelpino.com\/inicio\/","name":"Casona del Pino","description":"Hotel Boutique en Fiambal\u00e1","publisher":{"@id":"https:\/\/casonadelpino.com\/inicio\/#organization"},"potentialAction":[{"@type":"SearchAction","target":{"@type":"EntryPoint","urlTemplate":"https:\/\/casonadelpino.com\/inicio\/?s={search_term_string}"},"query-input":"required name=search_term_string"}],"inLanguage":"es"},{"@type":"Organization","@id":"https:\/\/casonadelpino.com\/inicio\/#organization","name":"Casona del Pino","url":"https:\/\/casonadelpino.com\/inicio\/","logo":{"@type":"ImageObject","inLanguage":"es","@id":"https:\/\/casonadelpino.com\/inicio\/#\/schema\/logo\/image\/","url":"https:\/\/casonadelpino.com\/inicio\/wp-content\/uploads\/2020\/08\/cropped-logo.png","contentUrl":"https:\/\/casonadelpino.com\/inicio\/wp-content\/uploads\/2020\/08\/cropped-logo.png","width":215,"height":80,"caption":"Casona del Pino"},"image":{"@id":"https:\/\/casonadelpino.com\/inicio\/#\/schema\/logo\/image\/"}}]}},"_links":{"self":[{"href":"https:\/\/casonadelpino.com\/inicio\/wp-json\/wp\/v2\/pages\/659","targetHints":{"allow":["GET"]}}],"collection":[{"href":"https:\/\/casonadelpino.com\/inicio\/wp-json\/wp\/v2\/pages"}],"about":[{"href":"https:\/\/casonadelpino.com\/inicio\/wp-json\/wp\/v2\/types\/page"}],"author":[{"embeddable":true,"href":"https:\/\/casonadelpino.com\/inicio\/wp-json\/wp\/v2\/users\/2"}],"replies":[{"embeddable":true,"href":"https:\/\/casonadelpino.com\/inicio\/wp-json\/wp\/v2\/comments?post=659"}],"version-history":[{"count":11,"href":"https:\/\/casonadelpino.com\/inicio\/wp-json\/wp\/v2\/pages\/659\/revisions"}],"predecessor-version":[{"id":1146,"href":"https:\/\/casonadelpino.com\/inicio\/wp-json\/wp\/v2\/pages\/659\/revisions\/1146"}],"wp:attachment":[{"href":"https:\/\/casonadelpino.com\/inicio\/wp-json\/wp\/v2\/media?parent=659"}],"curies":[{"name":"wp","href":"https:\/\/api.w.org\/{rel}","templated":true}]}}