{"id":597,"date":"2020-09-02T12:17:30","date_gmt":"2020-09-02T12:17:30","guid":{"rendered":"https:\/\/casonadelpino.com\/inicio\/?page_id=597"},"modified":"2020-09-28T18:41:24","modified_gmt":"2020-09-28T18:41:24","slug":"adobe","status":"publish","type":"page","link":"https:\/\/casonadelpino.com\/inicio\/adobe\/","title":{"rendered":"adobe"},"content":{"rendered":"\t\t<div data-elementor-type=\"wp-page\" data-elementor-id=\"597\" class=\"elementor elementor-597\" data-elementor-post-type=\"page\">\n\t\t\t\t\t\t<section class=\"elementor-section elementor-top-section elementor-element elementor-element-474fc1de elementor-section-items-top elementor-section-height-min-height elementor-section-boxed elementor-section-height-default\" data-id=\"474fc1de\" data-element_type=\"section\" data-settings=\"{&quot;background_background&quot;:&quot;classic&quot;}\">\n\t\t\t\t\t\t\t<div class=\"elementor-background-overlay\"><\/div>\n\t\t\t\t\t\t\t<div class=\"elementor-container elementor-column-gap-default\">\n\t\t\t\t\t<div class=\"elementor-column elementor-col-100 elementor-top-column elementor-element elementor-element-39691364\" data-id=\"39691364\" data-element_type=\"column\">\n\t\t\t<div class=\"elementor-widget-wrap elementor-element-populated\">\n\t\t\t\t\t\t<div class=\"elementor-element elementor-element-2a2ffd14 elementor-hidden-tablet elementor-hidden-phone elementor-widget elementor-widget-heading\" data-id=\"2a2ffd14\" data-element_type=\"widget\" data-widget_type=\"heading.default\">\n\t\t\t\t<div class=\"elementor-widget-container\">\n\t\t\t<h1 class=\"elementor-heading-title elementor-size-large\">Ruta del adobe<\/h1>\t\t<\/div>\n\t\t\t\t<\/div>\n\t\t\t\t<div class=\"elementor-element elementor-element-35924da6 elementor-hidden-tablet elementor-hidden-phone elementor-widget-divider--view-line elementor-widget elementor-widget-divider\" data-id=\"35924da6\" data-element_type=\"widget\" data-widget_type=\"divider.default\">\n\t\t\t\t<div class=\"elementor-widget-container\">\n\t\t\t\t\t<div class=\"elementor-divider\">\n\t\t\t<span class=\"elementor-divider-separator\">\n\t\t\t\t\t\t<\/span>\n\t\t<\/div>\n\t\t\t\t<\/div>\n\t\t\t\t<\/div>\n\t\t\t\t\t<\/div>\n\t\t<\/div>\n\t\t\t\t\t<\/div>\n\t\t<\/section>\n\t\t\t\t<section class=\"elementor-section elementor-top-section elementor-element elementor-element-172e7b48 elementor-section-boxed elementor-section-height-default elementor-section-height-default\" data-id=\"172e7b48\" data-element_type=\"section\">\n\t\t\t\t\t\t<div class=\"elementor-container elementor-column-gap-no\">\n\t\t\t\t\t<div class=\"elementor-column elementor-col-50 elementor-top-column elementor-element elementor-element-2f7c4ed3\" data-id=\"2f7c4ed3\" data-element_type=\"column\">\n\t\t\t<div class=\"elementor-widget-wrap elementor-element-populated\">\n\t\t\t\t\t\t<div class=\"elementor-element elementor-element-49994565 elementor-widget elementor-widget-heading\" data-id=\"49994565\" data-element_type=\"widget\" data-widget_type=\"heading.default\">\n\t\t\t\t<div class=\"elementor-widget-container\">\n\t\t\t<h3 class=\"elementor-heading-title elementor-size-large\">La ruta del adobe<\/h3>\t\t<\/div>\n\t\t\t\t<\/div>\n\t\t\t\t<div class=\"elementor-element elementor-element-7f729523 elementor-widget elementor-widget-text-editor\" data-id=\"7f729523\" data-element_type=\"widget\" data-widget_type=\"text-editor.default\">\n\t\t\t\t<div class=\"elementor-widget-container\">\n\t\t\t\t\t\t\t<p>La Ruta del Adobe abarca cincuenta kil\u00f3metros entre las localidades de FIAMBALA y Tinogasta, en ellas se encuentran monumentos hist\u00f3ricos y peque\u00f1as capillas hechas con adobe, la mezcla de barro, paja y esti\u00e9rcol. Existen varias casonas antiguas, una de ellas perteneci\u00f3 al vicec\u00f3nsul chileno, donde ahora funciona una hoster\u00eda y restaurante.<\/p><p>La mayor\u00eda de estas construcci\u00f3nes tienen muros de 80 cm y 1 metro de ancho, alguna de ellas con mobiliario de casi 300 a\u00f1os de antiguedad. En el Puesto, est\u00e1 el oratorio de los Orquera, una de las joyas de esta ruta, construida en el a\u00f1o 1747. Aqu\u00ed las im\u00e1genes de Nuestra Se\u00f1ora del Rosario, de Cristo Crucificado y un cuadro de la Virgen Mar\u00eda amamantando al Ni\u00f1o, fueron tra\u00eddas desde Chuquisaca, Per\u00fa.<\/p>\t\t\t\t\t\t<\/div>\n\t\t\t\t<\/div>\n\t\t\t\t\t<\/div>\n\t\t<\/div>\n\t\t\t\t<div class=\"elementor-column elementor-col-50 elementor-top-column elementor-element elementor-element-27bb6ca1\" data-id=\"27bb6ca1\" data-element_type=\"column\">\n\t\t\t<div class=\"elementor-widget-wrap elementor-element-populated\">\n\t\t\t\t\t\t<div class=\"elementor-element elementor-element-d4e172f elementor--h-position-center elementor--v-position-middle elementor-arrows-position-inside elementor-pagination-position-inside elementor-widget elementor-widget-slides\" data-id=\"d4e172f\" data-element_type=\"widget\" data-settings=\"{&quot;navigation&quot;:&quot;both&quot;,&quot;autoplay&quot;:&quot;yes&quot;,&quot;pause_on_hover&quot;:&quot;yes&quot;,&quot;pause_on_interaction&quot;:&quot;yes&quot;,&quot;autoplay_speed&quot;:5000,&quot;infinite&quot;:&quot;yes&quot;,&quot;transition&quot;:&quot;slide&quot;,&quot;transition_speed&quot;:500}\" data-widget_type=\"slides.default\">\n\t\t\t\t<div class=\"elementor-widget-container\">\n\t\t\t\t\t<div class=\"elementor-swiper\">\n\t\t\t<div class=\"elementor-slides-wrapper elementor-main-swiper swiper\" dir=\"ltr\" data-animation=\"fadeInUp\">\n\t\t\t\t<div class=\"swiper-wrapper elementor-slides\">\n\t\t\t\t\t\t\t\t\t\t<div class=\"elementor-repeater-item-5e43a53 swiper-slide\"><div class=\"swiper-slide-bg elementor-ken-burns elementor-ken-burns--in\" role=\"img\"><\/div><div class=\"swiper-slide-inner\" ><div class=\"swiper-slide-contents\"><\/div><\/div><\/div><div class=\"elementor-repeater-item-5bcb8ba swiper-slide\"><div class=\"swiper-slide-bg\" role=\"img\"><\/div><div class=\"swiper-slide-inner\" ><div class=\"swiper-slide-contents\"><\/div><\/div><\/div><div class=\"elementor-repeater-item-67dbfac swiper-slide\"><div class=\"swiper-slide-bg\" role=\"img\"><\/div><div class=\"swiper-slide-inner\" ><div class=\"swiper-slide-contents\"><\/div><\/div><\/div><div class=\"elementor-repeater-item-145336b swiper-slide\"><div class=\"swiper-slide-bg\" role=\"img\"><\/div><div class=\"swiper-slide-inner\" ><div class=\"swiper-slide-contents\"><\/div><\/div><\/div>\t\t\t\t<\/div>\n\t\t\t\t\t\t\t\t\t\t\t\t\t\t\t<div class=\"swiper-pagination\"><\/div>\n\t\t\t\t\t\t\t\t\t\t\t\t\t\t\t\t<div class=\"elementor-swiper-button elementor-swiper-button-prev\" role=\"button\" tabindex=\"0\">\n\t\t\t\t\t\t\t<i aria-hidden=\"true\" class=\"eicon-chevron-left\"><\/i>\t\t\t\t\t\t\t<span class=\"elementor-screen-only\">Previous slide<\/span>\n\t\t\t\t\t\t<\/div>\n\t\t\t\t\t\t<div class=\"elementor-swiper-button elementor-swiper-button-next\" role=\"button\" tabindex=\"0\">\n\t\t\t\t\t\t\t<i aria-hidden=\"true\" class=\"eicon-chevron-right\"><\/i>\t\t\t\t\t\t\t<span class=\"elementor-screen-only\">Next slide<\/span>\n\t\t\t\t\t\t<\/div>\n\t\t\t\t\t\t\t\t\t\t\t\t<\/div>\n\t\t<\/div>\n\t\t\t\t<\/div>\n\t\t\t\t<\/div>\n\t\t\t\t<div class=\"elementor-element elementor-element-0d1ca50 elementor-widget elementor-widget-text-editor\" data-id=\"0d1ca50\" data-element_type=\"widget\" data-widget_type=\"text-editor.default\">\n\t\t\t\t<div class=\"elementor-widget-container\">\n\t\t\t\t\t\t\t<p>La Ruta del Adobe contin\u00faa hacia Anillaco (Catamarca) donde estuvo en el a\u00f1o 1.536 Diego de Almagro, aqu\u00ed est\u00e1 la Iglesia Ntra. Se\u00f1ora del Rosario (declarada monumento hist\u00f3rico en 1993) y el Mayorazgo de Anillaco, ambos de 300 a\u00f1os. A cinco kil\u00f3metros de Anillaco, a un costado de la ruta, est\u00e1n los restos de la ciudad diaguita de Watungasta, levantada en adobe. Sus or\u00edgenes se remontan a comienzos del primer milenio. En FIAMBALA, la Iglesia de San Pedro, una construcci\u00f3n de adobe que levant\u00f3 el Capit\u00e1n Domingo Carrizo en el a\u00f1o 1.770, donde hay cuadros al \u00f3leo e im\u00e1genes de madera de origen cusque\u00f1o.<\/p><p>La Iglesia forma parte del antiguo Mayorazgo de FIAMBALA y de la Comandancia de Armas, frente a ella se yergue un algarrobo de 200 a\u00f1os, testigo privilegiado de lo ocurrido en la antigua Pianguall\u00e1. La Comandancia de Armas al lado de la Iglesia, es muestra fiel de un pueblo que vio nacer a nuestro pa\u00eds.<\/p>\t\t\t\t\t\t<\/div>\n\t\t\t\t<\/div>\n\t\t\t\t\t<\/div>\n\t\t<\/div>\n\t\t\t\t\t<\/div>\n\t\t<\/section>\n\t\t\t\t<\/div>\n\t\t","protected":false},"excerpt":{"rendered":"<p>Ruta del adobe La ruta del adobe La Ruta del Adobe abarca cincuenta kil\u00f3metros entre las localidades de FIAMBALA y Tinogasta, en ellas se encuentran monumentos hist\u00f3ricos y peque\u00f1as capillas [&hellip;]<\/p>\n","protected":false},"author":2,"featured_media":0,"parent":0,"menu_order":0,"comment_status":"closed","ping_status":"closed","template":"","meta":{"site-sidebar-layout":"no-sidebar","site-content-layout":"page-builder","ast-site-content-layout":"default","site-content-style":"default","site-sidebar-style":"default","ast-global-header-display":"","ast-banner-title-visibility":"","ast-main-header-display":"","ast-hfb-above-header-display":"","ast-hfb-below-header-display":"","ast-hfb-mobile-header-display":"","site-post-title":"disabled","ast-breadcrumbs-content":"","ast-featured-img":"disabled","footer-sml-layout":"","theme-transparent-header-meta":"default","adv-header-id-meta":"","stick-header-meta":"","header-above-stick-meta":"","header-main-stick-meta":"","header-below-stick-meta":"","astra-migrate-meta-layouts":"default","ast-page-background-enabled":"default","ast-page-background-meta":{"desktop":{"background-color":"var(--ast-global-color-4)","background-image":"","background-repeat":"repeat","background-position":"center center","background-size":"auto","background-attachment":"scroll","background-type":"","background-media":"","overlay-type":"","overlay-color":"","overlay-opacity":"","overlay-gradient":""},"tablet":{"background-color":"","background-image":"","background-repeat":"repeat","background-position":"center center","background-size":"auto","background-attachment":"scroll","background-type":"","background-media":"","overlay-type":"","overlay-color":"","overlay-opacity":"","overlay-gradient":""},"mobile":{"background-color":"","background-image":"","background-repeat":"repeat","background-position":"center center","background-size":"auto","background-attachment":"scroll","background-type":"","background-media":"","overlay-type":"","overlay-color":"","overlay-opacity":"","overlay-gradient":""}},"ast-content-background-meta":{"desktop":{"background-color":"var(--ast-global-color-5)","background-image":"","background-repeat":"repeat","background-position":"center center","background-size":"auto","background-attachment":"scroll","background-type":"","background-media":"","overlay-type":"","overlay-color":"","overlay-opacity":"","overlay-gradient":""},"tablet":{"background-color":"var(--ast-global-color-5)","background-image":"","background-repeat":"repeat","background-position":"center center","background-size":"auto","background-attachment":"scroll","background-type":"","background-media":"","overlay-type":"","overlay-color":"","overlay-opacity":"","overlay-gradient":""},"mobile":{"background-color":"var(--ast-global-color-5)","background-image":"","background-repeat":"repeat","background-position":"center center","background-size":"auto","background-attachment":"scroll","background-type":"","background-media":"","overlay-type":"","overlay-color":"","overlay-opacity":"","overlay-gradient":""}},"footnotes":""},"class_list":["post-597","page","type-page","status-publish","hentry"],"yoast_head":"<!-- This site is optimized with the Yoast SEO plugin v23.2 - https:\/\/yoast.com\/wordpress\/plugins\/seo\/ -->\n<title>Ruta del adobe en fiambala - catamarca, cultura e historia.<\/title>\n<meta name=\"description\" content=\"Conoce la ruta del adobe en Fiambala - Catamarca, historia, cultura. vivi la epoca colonial, la Iglesia de San Pedro.\" \/>\n<meta name=\"robots\" content=\"index, follow, max-snippet:-1, max-image-preview:large, max-video-preview:-1\" \/>\n<link rel=\"canonical\" href=\"https:\/\/casonadelpino.com\/inicio\/adobe\/\" \/>\n<meta property=\"og:locale\" content=\"es_ES\" \/>\n<meta property=\"og:type\" content=\"article\" \/>\n<meta property=\"og:title\" content=\"Ruta del adobe en fiambala - catamarca, cultura e historia.\" \/>\n<meta property=\"og:description\" content=\"Conoce la ruta del adobe en Fiambala - Catamarca, historia, cultura. vivi la epoca colonial, la Iglesia de San Pedro.\" \/>\n<meta property=\"og:url\" content=\"https:\/\/casonadelpino.com\/inicio\/adobe\/\" \/>\n<meta property=\"og:site_name\" content=\"Casona del Pino\" \/>\n<meta property=\"article:modified_time\" content=\"2020-09-28T18:41:24+00:00\" \/>\n<meta name=\"twitter:card\" content=\"summary_large_image\" \/>\n<meta name=\"twitter:label1\" content=\"Tiempo de lectura\" \/>\n\t<meta name=\"twitter:data1\" content=\"2 minutos\" \/>\n<script type=\"application\/ld+json\" class=\"yoast-schema-graph\">{\"@context\":\"https:\/\/schema.org\",\"@graph\":[{\"@type\":\"WebPage\",\"@id\":\"https:\/\/casonadelpino.com\/inicio\/adobe\/\",\"url\":\"https:\/\/casonadelpino.com\/inicio\/adobe\/\",\"name\":\"Ruta del adobe en fiambala - catamarca, cultura e historia.\",\"isPartOf\":{\"@id\":\"https:\/\/casonadelpino.com\/inicio\/#website\"},\"datePublished\":\"2020-09-02T12:17:30+00:00\",\"dateModified\":\"2020-09-28T18:41:24+00:00\",\"description\":\"Conoce la ruta del adobe en Fiambala - Catamarca, historia, cultura. vivi la epoca colonial, la Iglesia de San Pedro.\",\"inLanguage\":\"es\",\"potentialAction\":[{\"@type\":\"ReadAction\",\"target\":[\"https:\/\/casonadelpino.com\/inicio\/adobe\/\"]}]},{\"@type\":\"WebSite\",\"@id\":\"https:\/\/casonadelpino.com\/inicio\/#website\",\"url\":\"https:\/\/casonadelpino.com\/inicio\/\",\"name\":\"Casona del Pino\",\"description\":\"Hotel Boutique en Fiambal\u00e1\",\"publisher\":{\"@id\":\"https:\/\/casonadelpino.com\/inicio\/#organization\"},\"potentialAction\":[{\"@type\":\"SearchAction\",\"target\":{\"@type\":\"EntryPoint\",\"urlTemplate\":\"https:\/\/casonadelpino.com\/inicio\/?s={search_term_string}\"},\"query-input\":\"required name=search_term_string\"}],\"inLanguage\":\"es\"},{\"@type\":\"Organization\",\"@id\":\"https:\/\/casonadelpino.com\/inicio\/#organization\",\"name\":\"Casona del Pino\",\"url\":\"https:\/\/casonadelpino.com\/inicio\/\",\"logo\":{\"@type\":\"ImageObject\",\"inLanguage\":\"es\",\"@id\":\"https:\/\/casonadelpino.com\/inicio\/#\/schema\/logo\/image\/\",\"url\":\"https:\/\/casonadelpino.com\/inicio\/wp-content\/uploads\/2020\/08\/cropped-logo.png\",\"contentUrl\":\"https:\/\/casonadelpino.com\/inicio\/wp-content\/uploads\/2020\/08\/cropped-logo.png\",\"width\":215,\"height\":80,\"caption\":\"Casona del Pino\"},\"image\":{\"@id\":\"https:\/\/casonadelpino.com\/inicio\/#\/schema\/logo\/image\/\"}}]}<\/script>\n<!-- \/ Yoast SEO plugin. -->","yoast_head_json":{"title":"Ruta del adobe en fiambala - catamarca, cultura e historia.","description":"Conoce la ruta del adobe en Fiambala - Catamarca, historia, cultura. vivi la epoca colonial, la Iglesia de San Pedro.","robots":{"index":"index","follow":"follow","max-snippet":"max-snippet:-1","max-image-preview":"max-image-preview:large","max-video-preview":"max-video-preview:-1"},"canonical":"https:\/\/casonadelpino.com\/inicio\/adobe\/","og_locale":"es_ES","og_type":"article","og_title":"Ruta del adobe en fiambala - catamarca, cultura e historia.","og_description":"Conoce la ruta del adobe en Fiambala - Catamarca, historia, cultura. vivi la epoca colonial, la Iglesia de San Pedro.","og_url":"https:\/\/casonadelpino.com\/inicio\/adobe\/","og_site_name":"Casona del Pino","article_modified_time":"2020-09-28T18:41:24+00:00","twitter_card":"summary_large_image","twitter_misc":{"Tiempo de lectura":"2 minutos"},"schema":{"@context":"https:\/\/schema.org","@graph":[{"@type":"WebPage","@id":"https:\/\/casonadelpino.com\/inicio\/adobe\/","url":"https:\/\/casonadelpino.com\/inicio\/adobe\/","name":"Ruta del adobe en fiambala - catamarca, cultura e historia.","isPartOf":{"@id":"https:\/\/casonadelpino.com\/inicio\/#website"},"datePublished":"2020-09-02T12:17:30+00:00","dateModified":"2020-09-28T18:41:24+00:00","description":"Conoce la ruta del adobe en Fiambala - Catamarca, historia, cultura. vivi la epoca colonial, la Iglesia de San Pedro.","inLanguage":"es","potentialAction":[{"@type":"ReadAction","target":["https:\/\/casonadelpino.com\/inicio\/adobe\/"]}]},{"@type":"WebSite","@id":"https:\/\/casonadelpino.com\/inicio\/#website","url":"https:\/\/casonadelpino.com\/inicio\/","name":"Casona del Pino","description":"Hotel Boutique en Fiambal\u00e1","publisher":{"@id":"https:\/\/casonadelpino.com\/inicio\/#organization"},"potentialAction":[{"@type":"SearchAction","target":{"@type":"EntryPoint","urlTemplate":"https:\/\/casonadelpino.com\/inicio\/?s={search_term_string}"},"query-input":"required name=search_term_string"}],"inLanguage":"es"},{"@type":"Organization","@id":"https:\/\/casonadelpino.com\/inicio\/#organization","name":"Casona del Pino","url":"https:\/\/casonadelpino.com\/inicio\/","logo":{"@type":"ImageObject","inLanguage":"es","@id":"https:\/\/casonadelpino.com\/inicio\/#\/schema\/logo\/image\/","url":"https:\/\/casonadelpino.com\/inicio\/wp-content\/uploads\/2020\/08\/cropped-logo.png","contentUrl":"https:\/\/casonadelpino.com\/inicio\/wp-content\/uploads\/2020\/08\/cropped-logo.png","width":215,"height":80,"caption":"Casona del Pino"},"image":{"@id":"https:\/\/casonadelpino.com\/inicio\/#\/schema\/logo\/image\/"}}]}},"_links":{"self":[{"href":"https:\/\/casonadelpino.com\/inicio\/wp-json\/wp\/v2\/pages\/597","targetHints":{"allow":["GET"]}}],"collection":[{"href":"https:\/\/casonadelpino.com\/inicio\/wp-json\/wp\/v2\/pages"}],"about":[{"href":"https:\/\/casonadelpino.com\/inicio\/wp-json\/wp\/v2\/types\/page"}],"author":[{"embeddable":true,"href":"https:\/\/casonadelpino.com\/inicio\/wp-json\/wp\/v2\/users\/2"}],"replies":[{"embeddable":true,"href":"https:\/\/casonadelpino.com\/inicio\/wp-json\/wp\/v2\/comments?post=597"}],"version-history":[{"count":17,"href":"https:\/\/casonadelpino.com\/inicio\/wp-json\/wp\/v2\/pages\/597\/revisions"}],"predecessor-version":[{"id":746,"href":"https:\/\/casonadelpino.com\/inicio\/wp-json\/wp\/v2\/pages\/597\/revisions\/746"}],"wp:attachment":[{"href":"https:\/\/casonadelpino.com\/inicio\/wp-json\/wp\/v2\/media?parent=597"}],"curies":[{"name":"wp","href":"https:\/\/api.w.org\/{rel}","templated":true}]}}