{"id":356,"date":"2020-08-29T23:22:24","date_gmt":"2020-08-29T23:22:24","guid":{"rendered":"https:\/\/casonadelpino.com\/inicio\/?page_id=356"},"modified":"2023-03-22T13:55:45","modified_gmt":"2023-03-22T13:55:45","slug":"ubicacion","status":"publish","type":"page","link":"https:\/\/casonadelpino.com\/inicio\/ubicacion\/","title":{"rendered":"Ubicacion"},"content":{"rendered":"\t\t<div data-elementor-type=\"wp-page\" data-elementor-id=\"356\" class=\"elementor elementor-356\" data-elementor-post-type=\"page\">\n\t\t\t\t\t\t<section class=\"elementor-section elementor-top-section elementor-element elementor-element-6f020cc1 elementor-section-height-min-height elementor-section-boxed elementor-section-height-default elementor-section-items-middle\" data-id=\"6f020cc1\" data-element_type=\"section\" data-settings=\"{&quot;background_background&quot;:&quot;classic&quot;,&quot;shape_divider_bottom&quot;:&quot;mountains&quot;}\">\n\t\t\t\t\t\t\t<div class=\"elementor-background-overlay\"><\/div>\n\t\t\t\t\t\t<div class=\"elementor-shape elementor-shape-bottom\" data-negative=\"false\">\n\t\t\t<svg xmlns=\"http:\/\/www.w3.org\/2000\/svg\" viewBox=\"0 0 1000 100\" preserveAspectRatio=\"none\">\n\t<path class=\"elementor-shape-fill\" opacity=\"0.33\" d=\"M473,67.3c-203.9,88.3-263.1-34-320.3,0C66,119.1,0,59.7,0,59.7V0h1000v59.7 c0,0-62.1,26.1-94.9,29.3c-32.8,3.3-62.8-12.3-75.8-22.1C806,49.6,745.3,8.7,694.9,4.7S492.4,59,473,67.3z\"\/>\n\t<path class=\"elementor-shape-fill\" opacity=\"0.66\" d=\"M734,67.3c-45.5,0-77.2-23.2-129.1-39.1c-28.6-8.7-150.3-10.1-254,39.1 s-91.7-34.4-149.2,0C115.7,118.3,0,39.8,0,39.8V0h1000v36.5c0,0-28.2-18.5-92.1-18.5C810.2,18.1,775.7,67.3,734,67.3z\"\/>\n\t<path class=\"elementor-shape-fill\" d=\"M766.1,28.9c-200-57.5-266,65.5-395.1,19.5C242,1.8,242,5.4,184.8,20.6C128,35.8,132.3,44.9,89.9,52.5C28.6,63.7,0,0,0,0 h1000c0,0-9.9,40.9-83.6,48.1S829.6,47,766.1,28.9z\"\/>\n<\/svg>\t\t<\/div>\n\t\t\t\t\t<div class=\"elementor-container elementor-column-gap-default\">\n\t\t\t\t\t<div class=\"elementor-column elementor-col-100 elementor-top-column elementor-element elementor-element-6b65312f\" data-id=\"6b65312f\" data-element_type=\"column\">\n\t\t\t<div class=\"elementor-widget-wrap elementor-element-populated\">\n\t\t\t\t\t\t<div class=\"elementor-element elementor-element-2cf19f7f elementor-widget elementor-widget-heading\" data-id=\"2cf19f7f\" data-element_type=\"widget\" data-widget_type=\"heading.default\">\n\t\t\t\t<div class=\"elementor-widget-container\">\n\t\t\t<h2 class=\"elementor-heading-title elementor-size-large\">Ubicaci\u00f3n<\/h2>\t\t<\/div>\n\t\t\t\t<\/div>\n\t\t\t\t<div class=\"elementor-element elementor-element-4b5976aa elementor-widget elementor-widget-text-editor\" data-id=\"4b5976aa\" data-element_type=\"widget\" data-widget_type=\"text-editor.default\">\n\t\t\t\t<div class=\"elementor-widget-container\">\n\t\t\t\t\t\t\t<p>\u00bfComo llegar a Casona del Pino?<\/p>\t\t\t\t\t\t<\/div>\n\t\t\t\t<\/div>\n\t\t\t\t\t<\/div>\n\t\t<\/div>\n\t\t\t\t\t<\/div>\n\t\t<\/section>\n\t\t\t\t<section class=\"elementor-section elementor-top-section elementor-element elementor-element-d8ee4fb elementor-section-boxed elementor-section-height-default elementor-section-height-default\" data-id=\"d8ee4fb\" data-element_type=\"section\">\n\t\t\t\t\t\t<div class=\"elementor-container elementor-column-gap-default\">\n\t\t\t\t\t<div class=\"elementor-column elementor-col-50 elementor-top-column elementor-element elementor-element-507b4a6\" data-id=\"507b4a6\" data-element_type=\"column\">\n\t\t\t<div class=\"elementor-widget-wrap elementor-element-populated\">\n\t\t\t\t\t\t<div class=\"elementor-element elementor-element-7931b07 elementor-widget elementor-widget-image\" data-id=\"7931b07\" data-element_type=\"widget\" data-widget_type=\"image.default\">\n\t\t\t\t<div class=\"elementor-widget-container\">\n\t\t\t\t\t\t\t\t\t\t\t\t\t<img fetchpriority=\"high\" decoding=\"async\" width=\"384\" height=\"1024\" src=\"https:\/\/casonadelpino.com\/inicio\/wp-content\/uploads\/2020\/08\/MAPA-COMPLETO-01-384x1024.jpg\" class=\"attachment-large size-large wp-image-362\" alt=\"\" srcset=\"https:\/\/casonadelpino.com\/inicio\/wp-content\/uploads\/2020\/08\/MAPA-COMPLETO-01-384x1024.jpg 384w, https:\/\/casonadelpino.com\/inicio\/wp-content\/uploads\/2020\/08\/MAPA-COMPLETO-01-112x300.jpg 112w, https:\/\/casonadelpino.com\/inicio\/wp-content\/uploads\/2020\/08\/MAPA-COMPLETO-01-768x2048.jpg 768w, https:\/\/casonadelpino.com\/inicio\/wp-content\/uploads\/2020\/08\/MAPA-COMPLETO-01-576x1536.jpg 576w, https:\/\/casonadelpino.com\/inicio\/wp-content\/uploads\/2020\/08\/MAPA-COMPLETO-01-scaled.jpg 960w\" sizes=\"(max-width: 384px) 100vw, 384px\" \/>\t\t\t\t\t\t\t\t\t\t\t\t\t<\/div>\n\t\t\t\t<\/div>\n\t\t\t\t\t<\/div>\n\t\t<\/div>\n\t\t\t\t<div class=\"elementor-column elementor-col-50 elementor-top-column elementor-element elementor-element-bad7946\" data-id=\"bad7946\" data-element_type=\"column\">\n\t\t\t<div class=\"elementor-widget-wrap elementor-element-populated\">\n\t\t\t\t\t\t<div class=\"elementor-element elementor-element-6128842 elementor-widget elementor-widget-bdt-tabs\" data-id=\"6128842\" data-element_type=\"widget\" data-widget_type=\"bdt-tabs.default\">\n\t\t\t\t<div class=\"elementor-widget-container\">\n\t\t\t\r\n\r\n        <div class=\"bdt-tabs-area\">\r\n\r\n            <div id=\"bdt-tabs-6128842\" class=\"bdt-tabs  bdt-tabs-left\" data-settings=\"{&quot;id&quot;:&quot;bdt-tabs-6128842&quot;,&quot;activeHash&quot;:&quot;no&quot;}\">\r\n                <div class=\"bdt-grid-collapse\"  bdt-grid>\r\n                \r\n                    <div class=\"bdt-tab-wrapper bdt-width-auto@m\">\r\n        <div >\r\n          <div class=\"bdt-tab bdt-tab-left \" bdt-tab=\"connect: #bdt-tab-content-6128842; media: 960;\" bdt-height-match=\"target: &gt; .bdt-tabs-item &gt; .bdt-tabs-item-title; row: false;\">\r\n                                <div class=\"bdt-tabs-item\">\r\n                      <a data-title=\"desde-bs-as\" class=\"bdt-tabs-item-title\" id=\"bdt-tab-desde-bs-as\" data-tab-index=\"0\" href=\"#\" >\r\n                        <div class=\"bdt-tab-text-wrapper bdt-flex-column\">\r\n\r\n                          <div class=\"bdt-tab-title-icon-wrapper\">\r\n\r\n                              \r\n                                                               <span class=\"bdt-tab-text\">\r\n                                    Desde Bs As                                <\/span>\r\n                            \r\n                            \r\n                           <\/div>\r\n\r\n                           \r\n                    <\/div>\r\n                <\/a>\r\n            <\/div>\r\n                          <div class=\"bdt-tabs-item\">\r\n                      <a data-title=\"desde-cdba\" class=\"bdt-tabs-item-title\" id=\"bdt-tab-desde-cdba\" data-tab-index=\"1\" href=\"#\" >\r\n                        <div class=\"bdt-tab-text-wrapper bdt-flex-column\">\r\n\r\n                          <div class=\"bdt-tab-title-icon-wrapper\">\r\n\r\n                              \r\n                                                               <span class=\"bdt-tab-text\">\r\n                                    Desde Cdba.                                <\/span>\r\n                            \r\n                            \r\n                           <\/div>\r\n\r\n                           \r\n                    <\/div>\r\n                <\/a>\r\n            <\/div>\r\n                          <div class=\"bdt-tabs-item\">\r\n                      <a data-title=\"desde-rosario\" class=\"bdt-tabs-item-title\" id=\"bdt-tab-desde-rosario\" data-tab-index=\"2\" href=\"#\" >\r\n                        <div class=\"bdt-tab-text-wrapper bdt-flex-column\">\r\n\r\n                          <div class=\"bdt-tab-title-icon-wrapper\">\r\n\r\n                              \r\n                                                               <span class=\"bdt-tab-text\">\r\n                                    Desde Rosario.                                <\/span>\r\n                            \r\n                            \r\n                           <\/div>\r\n\r\n                           \r\n                    <\/div>\r\n                <\/a>\r\n            <\/div>\r\n                          <div class=\"bdt-tabs-item\">\r\n                      <a data-title=\"desde-sfvc\" class=\"bdt-tabs-item-title\" id=\"bdt-tab-desde-sfvc\" data-tab-index=\"3\" href=\"#\" >\r\n                        <div class=\"bdt-tab-text-wrapper bdt-flex-column\">\r\n\r\n                          <div class=\"bdt-tab-title-icon-wrapper\">\r\n\r\n                              \r\n                                                               <span class=\"bdt-tab-text\">\r\n                                    Desde SFVC.                                <\/span>\r\n                            \r\n                            \r\n                           <\/div>\r\n\r\n                           \r\n                    <\/div>\r\n                <\/a>\r\n            <\/div>\r\n            <\/div>\r\n<\/div>\r\n<\/div>\r\n\r\n\r\n                                    \r\n        <div class=\"bdt-switcher-wrapper bdt-width-expand@m\">\r\n            <div id=\"bdt-tab-content-6128842\" class=\"bdt-switcher bdt-switcher-item-content\">\r\n                                                      <div class=\"\" \r\n                  content-id=\"desde-bs-as\">\r\n                  <div>\r\n                    <p>Si viaja en avi\u00f3n llegar\u00e1 al aeropuerto de Catamarca o el de La Rioja, en cualquier cosa deber\u00e1 alquilar un veh\u00edculo o utilizar el transporte publico. Desde Catamarca debe tomar la RP N\u00b038 hasta el empalme con la RN N\u00b060 y continuar por la misma atravesando la localidad de Aimogasta hasta llegar a Fiambal\u00e1.<\/p><p>Desde La Rioja debe tomar la RN N\u00b075 hasta la localidad de Aimogasta y una vez all\u00ed empalmar con la RN\u00b060 la cual lo llevar\u00e1 hasta Fiambal\u00e1.<br \/>Si no viene en avi\u00f3n desde Bs Aires tomar la Autopista Bs As &#8211; Rosario, una vez all\u00ed desviarse por la autopista Rosario &#8211; C\u00f3rdoba, continuar por la misma hasta empalmar con la RN N\u00b09 y continuar hasta la localidad de Jes\u00fas Mar\u00eda, unos Km. pasando Jes\u00fas Mar\u00eda empalmar con la RN\u00b060 la cual lo llevar\u00e1 hasta Fiambal\u00e1.<\/p>                <\/div>\r\n            <\/div>\r\n                                              <div class=\"\" \r\n                  content-id=\"desde-cdba\">\r\n                  <div>\r\n                    <p>Desde C\u00f3rdoba tiene dos opciones, la primera es utilizar el colectivo de la empresa Robledo el cual tiene recorrido directo hacia Fiambal\u00e1.<\/p><p>La segunda opci\u00f3n es en vehiculo propio, en este caso debe tomar la RN N\u00b09 hasta Jes\u00fas Mar\u00eda, unos km. pasando dicha localidad empalmar con la RN N\u00b060 la cual lo llevar\u00e1 hasta Fiambal\u00e1.<\/p>                <\/div>\r\n            <\/div>\r\n                                              <div class=\"\" \r\n                  content-id=\"desde-rosario\">\r\n                  <div>\r\n                    <p>Desde Rosario la \u00fanica opci\u00f3n es en veh\u00edculo propio para lo cual deber\u00e1 tomar la autopista Rosario &#8211; C\u00f3rdoba, una vez en C\u00f3rdoba continuar por la RN N\u00b09 hasta la localidad de Jes\u00fas Mar\u00eda, unos Km. luego de Jes\u00fas Mar\u00eda se encuentra el empalme con la RN N\u00b060 la cual lo llevar\u00e1 hasta Fiambal\u00e1.<\/p>                <\/div>\r\n            <\/div>\r\n                                              <div class=\"\" \r\n                  content-id=\"desde-sfvc\">\r\n                  <div>\r\n                    <p>Desde San Fernando del valle de Catamarca tiene dos opciones.<\/p><p>La primera es en transporte p\u00fablico para lo cual puede tomar los colectivos de las empresas Gutierrez y Robledo, las cuales lo llevar\u00e1n directo a Fiambal\u00e1.<\/p><p>La segunda opci\u00f3n es en veh\u00edculo propio para lo cual debe tomar la RP N\u00b038 hasta el empalme con la RN N\u00b060 la cual lo llevar\u00e1 hasta Fiambal\u00e1.<\/p>                <\/div>\r\n            <\/div>\r\n            <\/div>\r\n<\/div>\r\n                \r\n                <\/div>                <a href=\"#\" id=\"bottom-anchor-6128842\" bdt-hidden><\/a>\r\n            <\/div>\r\n        <\/div>\r\n        \t\t<\/div>\n\t\t\t\t<\/div>\n\t\t\t\t<div class=\"elementor-element elementor-element-ed3297f elementor-widget elementor-widget-google_maps\" data-id=\"ed3297f\" data-element_type=\"widget\" data-widget_type=\"google_maps.default\">\n\t\t\t\t<div class=\"elementor-widget-container\">\n\t\t\t\t\t<div class=\"elementor-custom-embed\">\n\t\t\t<iframe loading=\"lazy\"\n\t\t\t\t\tdata-src=\"https:\/\/maps.google.com\/maps?q=Casona%20del%20pino&#038;t=m&#038;z=16&#038;output=embed&#038;iwloc=near\"\n\t\t\t\t\ttitle=\"Casona del pino\"\n\t\t\t\t\taria-label=\"Casona del pino\"\n\t\t\t src=\"data:image\/gif;base64,R0lGODlhAQABAAAAACH5BAEKAAEALAAAAAABAAEAAAICTAEAOw==\" class=\"lazyload\" data-load-mode=\"1\"><\/iframe>\n\t\t<\/div>\n\t\t\t\t<\/div>\n\t\t\t\t<\/div>\n\t\t\t\t\t<\/div>\n\t\t<\/div>\n\t\t\t\t\t<\/div>\n\t\t<\/section>\n\t\t\t\t<section class=\"elementor-section elementor-top-section elementor-element elementor-element-9f2ca35 elementor-section-boxed elementor-section-height-default elementor-section-height-default\" data-id=\"9f2ca35\" data-element_type=\"section\">\n\t\t\t\t\t\t<div class=\"elementor-container elementor-column-gap-default\">\n\t\t\t\t\t<div class=\"elementor-column elementor-col-50 elementor-top-column elementor-element elementor-element-39a6a5e\" data-id=\"39a6a5e\" data-element_type=\"column\">\n\t\t\t<div class=\"elementor-widget-wrap elementor-element-populated\">\n\t\t\t\t\t\t<div class=\"elementor-element elementor-element-b848fc4 elementor-align-center elementor-widget elementor-widget-button\" data-id=\"b848fc4\" data-element_type=\"widget\" data-widget_type=\"button.default\">\n\t\t\t\t<div class=\"elementor-widget-container\">\n\t\t\t\t\t<div class=\"elementor-button-wrapper\">\n\t\t\t<a class=\"elementor-button elementor-button-link elementor-size-xs elementor-animation-pulse\" href=\"http:\/\/casonadelpino.com\/inicio\/wp-content\/uploads\/2020\/08\/MAPA-COMPLETO-01-scaled.jpg\">\n\t\t\t\t\t\t<span class=\"elementor-button-content-wrapper\">\n\t\t\t\t\t\t<span class=\"elementor-button-icon\">\n\t\t\t\t<i aria-hidden=\"true\" class=\"fas fa-cloud-download-alt\"><\/i>\t\t\t<\/span>\n\t\t\t\t\t\t\t\t\t<span class=\"elementor-button-text\">Descargar mapa de Fiambal\u00e1<\/span>\n\t\t\t\t\t<\/span>\n\t\t\t\t\t<\/a>\n\t\t<\/div>\n\t\t\t\t<\/div>\n\t\t\t\t<\/div>\n\t\t\t\t<div class=\"elementor-element elementor-element-05976ba elementor-align-center elementor-widget elementor-widget-button\" data-id=\"05976ba\" data-element_type=\"widget\" data-widget_type=\"button.default\">\n\t\t\t\t<div class=\"elementor-widget-container\">\n\t\t\t\t\t<div class=\"elementor-button-wrapper\">\n\t\t\t<a class=\"elementor-button elementor-button-link elementor-size-xs elementor-animation-pulse\" href=\"http:\/\/casonadelpino.com\/inicio\/wp-content\/uploads\/2020\/08\/Mapa-rutero-Catamarca-01-scaled.jpg\">\n\t\t\t\t\t\t<span class=\"elementor-button-content-wrapper\">\n\t\t\t\t\t\t<span class=\"elementor-button-icon\">\n\t\t\t\t<i aria-hidden=\"true\" class=\"fas fa-cloud-download-alt\"><\/i>\t\t\t<\/span>\n\t\t\t\t\t\t\t\t\t<span class=\"elementor-button-text\">Descargar mapa de Catamarca<\/span>\n\t\t\t\t\t<\/span>\n\t\t\t\t\t<\/a>\n\t\t<\/div>\n\t\t\t\t<\/div>\n\t\t\t\t<\/div>\n\t\t\t\t\t<\/div>\n\t\t<\/div>\n\t\t\t\t\t<\/div>\n\t\t<\/section>\n\t\t\t\t<\/div>\n\t\t","protected":false},"excerpt":{"rendered":"<p>Ubicaci\u00f3n \u00bfComo llegar a Casona del Pino? Desde Bs As Desde Cdba. Desde Rosario. Desde SFVC. Si viaja en avi\u00f3n llegar\u00e1 al aeropuerto de Catamarca o el de La Rioja, [&hellip;]<\/p>\n","protected":false},"author":2,"featured_media":0,"parent":0,"menu_order":0,"comment_status":"closed","ping_status":"closed","template":"","meta":{"site-sidebar-layout":"no-sidebar","site-content-layout":"page-builder","ast-site-content-layout":"default","site-content-style":"default","site-sidebar-style":"default","ast-global-header-display":"","ast-banner-title-visibility":"","ast-main-header-display":"","ast-hfb-above-header-display":"","ast-hfb-below-header-display":"","ast-hfb-mobile-header-display":"","site-post-title":"disabled","ast-breadcrumbs-content":"","ast-featured-img":"disabled","footer-sml-layout":"","theme-transparent-header-meta":"default","adv-header-id-meta":"","stick-header-meta":"","header-above-stick-meta":"","header-main-stick-meta":"","header-below-stick-meta":"","astra-migrate-meta-layouts":"default","ast-page-background-enabled":"default","ast-page-background-meta":{"desktop":{"background-color":"var(--ast-global-color-4)","background-image":"","background-repeat":"repeat","background-position":"center center","background-size":"auto","background-attachment":"scroll","background-type":"","background-media":"","overlay-type":"","overlay-color":"","overlay-opacity":"","overlay-gradient":""},"tablet":{"background-color":"","background-image":"","background-repeat":"repeat","background-position":"center center","background-size":"auto","background-attachment":"scroll","background-type":"","background-media":"","overlay-type":"","overlay-color":"","overlay-opacity":"","overlay-gradient":""},"mobile":{"background-color":"","background-image":"","background-repeat":"repeat","background-position":"center center","background-size":"auto","background-attachment":"scroll","background-type":"","background-media":"","overlay-type":"","overlay-color":"","overlay-opacity":"","overlay-gradient":""}},"ast-content-background-meta":{"desktop":{"background-color":"var(--ast-global-color-5)","background-image":"","background-repeat":"repeat","background-position":"center center","background-size":"auto","background-attachment":"scroll","background-type":"","background-media":"","overlay-type":"","overlay-color":"","overlay-opacity":"","overlay-gradient":""},"tablet":{"background-color":"var(--ast-global-color-5)","background-image":"","background-repeat":"repeat","background-position":"center center","background-size":"auto","background-attachment":"scroll","background-type":"","background-media":"","overlay-type":"","overlay-color":"","overlay-opacity":"","overlay-gradient":""},"mobile":{"background-color":"var(--ast-global-color-5)","background-image":"","background-repeat":"repeat","background-position":"center center","background-size":"auto","background-attachment":"scroll","background-type":"","background-media":"","overlay-type":"","overlay-color":"","overlay-opacity":"","overlay-gradient":""}},"footnotes":""},"class_list":["post-356","page","type-page","status-publish","hentry"],"yoast_head":"<!-- This site is optimized with the Yoast SEO plugin v23.2 - https:\/\/yoast.com\/wordpress\/plugins\/seo\/ -->\n<title>Casona del Pino | hotel en Fiambal\u00e1 | ubicacion de Fiambal\u00e1<\/title>\n<meta name=\"description\" content=\"Como llegar a Fiambal\u00e1 | medios de transporte | desde Catamarca, Buenos Aires, Cordoba, Rosario | avion y colectivos.\" \/>\n<meta name=\"robots\" content=\"index, follow, max-snippet:-1, max-image-preview:large, max-video-preview:-1\" \/>\n<link rel=\"canonical\" href=\"https:\/\/casonadelpino.com\/inicio\/ubicacion\/\" \/>\n<meta property=\"og:locale\" content=\"es_ES\" \/>\n<meta property=\"og:type\" content=\"article\" \/>\n<meta property=\"og:title\" content=\"Casona del Pino | hotel en Fiambal\u00e1 | ubicacion de Fiambal\u00e1\" \/>\n<meta property=\"og:description\" content=\"Como llegar a Fiambal\u00e1 | medios de transporte | desde Catamarca, Buenos Aires, Cordoba, Rosario | avion y colectivos.\" \/>\n<meta property=\"og:url\" content=\"https:\/\/casonadelpino.com\/inicio\/ubicacion\/\" \/>\n<meta property=\"og:site_name\" content=\"Casona del Pino\" \/>\n<meta property=\"article:modified_time\" content=\"2023-03-22T13:55:45+00:00\" \/>\n<meta property=\"og:image\" content=\"https:\/\/casonadelpino.com\/inicio\/wp-content\/uploads\/2020\/08\/MAPA-COMPLETO-01-384x1024.jpg\" \/>\n<meta name=\"twitter:card\" content=\"summary_large_image\" \/>\n<meta name=\"twitter:label1\" content=\"Tiempo de lectura\" \/>\n\t<meta name=\"twitter:data1\" content=\"2 minutos\" \/>\n<script type=\"application\/ld+json\" class=\"yoast-schema-graph\">{\"@context\":\"https:\/\/schema.org\",\"@graph\":[{\"@type\":\"WebPage\",\"@id\":\"https:\/\/casonadelpino.com\/inicio\/ubicacion\/\",\"url\":\"https:\/\/casonadelpino.com\/inicio\/ubicacion\/\",\"name\":\"Casona del Pino | hotel en Fiambal\u00e1 | ubicacion de Fiambal\u00e1\",\"isPartOf\":{\"@id\":\"https:\/\/casonadelpino.com\/inicio\/#website\"},\"primaryImageOfPage\":{\"@id\":\"https:\/\/casonadelpino.com\/inicio\/ubicacion\/#primaryimage\"},\"image\":{\"@id\":\"https:\/\/casonadelpino.com\/inicio\/ubicacion\/#primaryimage\"},\"thumbnailUrl\":\"https:\/\/casonadelpino.com\/inicio\/wp-content\/uploads\/2020\/08\/MAPA-COMPLETO-01-384x1024.jpg\",\"datePublished\":\"2020-08-29T23:22:24+00:00\",\"dateModified\":\"2023-03-22T13:55:45+00:00\",\"description\":\"Como llegar a Fiambal\u00e1 | medios de transporte | desde Catamarca, Buenos Aires, Cordoba, Rosario | avion y colectivos.\",\"inLanguage\":\"es\",\"potentialAction\":[{\"@type\":\"ReadAction\",\"target\":[\"https:\/\/casonadelpino.com\/inicio\/ubicacion\/\"]}]},{\"@type\":\"ImageObject\",\"inLanguage\":\"es\",\"@id\":\"https:\/\/casonadelpino.com\/inicio\/ubicacion\/#primaryimage\",\"url\":\"https:\/\/casonadelpino.com\/inicio\/wp-content\/uploads\/2020\/08\/MAPA-COMPLETO-01-384x1024.jpg\",\"contentUrl\":\"https:\/\/casonadelpino.com\/inicio\/wp-content\/uploads\/2020\/08\/MAPA-COMPLETO-01-384x1024.jpg\"},{\"@type\":\"WebSite\",\"@id\":\"https:\/\/casonadelpino.com\/inicio\/#website\",\"url\":\"https:\/\/casonadelpino.com\/inicio\/\",\"name\":\"Casona del Pino\",\"description\":\"Hotel Boutique en Fiambal\u00e1\",\"publisher\":{\"@id\":\"https:\/\/casonadelpino.com\/inicio\/#organization\"},\"potentialAction\":[{\"@type\":\"SearchAction\",\"target\":{\"@type\":\"EntryPoint\",\"urlTemplate\":\"https:\/\/casonadelpino.com\/inicio\/?s={search_term_string}\"},\"query-input\":\"required name=search_term_string\"}],\"inLanguage\":\"es\"},{\"@type\":\"Organization\",\"@id\":\"https:\/\/casonadelpino.com\/inicio\/#organization\",\"name\":\"Casona del Pino\",\"url\":\"https:\/\/casonadelpino.com\/inicio\/\",\"logo\":{\"@type\":\"ImageObject\",\"inLanguage\":\"es\",\"@id\":\"https:\/\/casonadelpino.com\/inicio\/#\/schema\/logo\/image\/\",\"url\":\"https:\/\/casonadelpino.com\/inicio\/wp-content\/uploads\/2020\/08\/cropped-logo.png\",\"contentUrl\":\"https:\/\/casonadelpino.com\/inicio\/wp-content\/uploads\/2020\/08\/cropped-logo.png\",\"width\":215,\"height\":80,\"caption\":\"Casona del Pino\"},\"image\":{\"@id\":\"https:\/\/casonadelpino.com\/inicio\/#\/schema\/logo\/image\/\"}}]}<\/script>\n<!-- \/ Yoast SEO plugin. -->","yoast_head_json":{"title":"Casona del Pino | hotel en Fiambal\u00e1 | ubicacion de Fiambal\u00e1","description":"Como llegar a Fiambal\u00e1 | medios de transporte | desde Catamarca, Buenos Aires, Cordoba, Rosario | avion y colectivos.","robots":{"index":"index","follow":"follow","max-snippet":"max-snippet:-1","max-image-preview":"max-image-preview:large","max-video-preview":"max-video-preview:-1"},"canonical":"https:\/\/casonadelpino.com\/inicio\/ubicacion\/","og_locale":"es_ES","og_type":"article","og_title":"Casona del Pino | hotel en Fiambal\u00e1 | ubicacion de Fiambal\u00e1","og_description":"Como llegar a Fiambal\u00e1 | medios de transporte | desde Catamarca, Buenos Aires, Cordoba, Rosario | avion y colectivos.","og_url":"https:\/\/casonadelpino.com\/inicio\/ubicacion\/","og_site_name":"Casona del Pino","article_modified_time":"2023-03-22T13:55:45+00:00","og_image":[{"url":"https:\/\/casonadelpino.com\/inicio\/wp-content\/uploads\/2020\/08\/MAPA-COMPLETO-01-384x1024.jpg"}],"twitter_card":"summary_large_image","twitter_misc":{"Tiempo de lectura":"2 minutos"},"schema":{"@context":"https:\/\/schema.org","@graph":[{"@type":"WebPage","@id":"https:\/\/casonadelpino.com\/inicio\/ubicacion\/","url":"https:\/\/casonadelpino.com\/inicio\/ubicacion\/","name":"Casona del Pino | hotel en Fiambal\u00e1 | ubicacion de Fiambal\u00e1","isPartOf":{"@id":"https:\/\/casonadelpino.com\/inicio\/#website"},"primaryImageOfPage":{"@id":"https:\/\/casonadelpino.com\/inicio\/ubicacion\/#primaryimage"},"image":{"@id":"https:\/\/casonadelpino.com\/inicio\/ubicacion\/#primaryimage"},"thumbnailUrl":"https:\/\/casonadelpino.com\/inicio\/wp-content\/uploads\/2020\/08\/MAPA-COMPLETO-01-384x1024.jpg","datePublished":"2020-08-29T23:22:24+00:00","dateModified":"2023-03-22T13:55:45+00:00","description":"Como llegar a Fiambal\u00e1 | medios de transporte | desde Catamarca, Buenos Aires, Cordoba, Rosario | avion y colectivos.","inLanguage":"es","potentialAction":[{"@type":"ReadAction","target":["https:\/\/casonadelpino.com\/inicio\/ubicacion\/"]}]},{"@type":"ImageObject","inLanguage":"es","@id":"https:\/\/casonadelpino.com\/inicio\/ubicacion\/#primaryimage","url":"https:\/\/casonadelpino.com\/inicio\/wp-content\/uploads\/2020\/08\/MAPA-COMPLETO-01-384x1024.jpg","contentUrl":"https:\/\/casonadelpino.com\/inicio\/wp-content\/uploads\/2020\/08\/MAPA-COMPLETO-01-384x1024.jpg"},{"@type":"WebSite","@id":"https:\/\/casonadelpino.com\/inicio\/#website","url":"https:\/\/casonadelpino.com\/inicio\/","name":"Casona del Pino","description":"Hotel Boutique en Fiambal\u00e1","publisher":{"@id":"https:\/\/casonadelpino.com\/inicio\/#organization"},"potentialAction":[{"@type":"SearchAction","target":{"@type":"EntryPoint","urlTemplate":"https:\/\/casonadelpino.com\/inicio\/?s={search_term_string}"},"query-input":"required name=search_term_string"}],"inLanguage":"es"},{"@type":"Organization","@id":"https:\/\/casonadelpino.com\/inicio\/#organization","name":"Casona del Pino","url":"https:\/\/casonadelpino.com\/inicio\/","logo":{"@type":"ImageObject","inLanguage":"es","@id":"https:\/\/casonadelpino.com\/inicio\/#\/schema\/logo\/image\/","url":"https:\/\/casonadelpino.com\/inicio\/wp-content\/uploads\/2020\/08\/cropped-logo.png","contentUrl":"https:\/\/casonadelpino.com\/inicio\/wp-content\/uploads\/2020\/08\/cropped-logo.png","width":215,"height":80,"caption":"Casona del Pino"},"image":{"@id":"https:\/\/casonadelpino.com\/inicio\/#\/schema\/logo\/image\/"}}]}},"_links":{"self":[{"href":"https:\/\/casonadelpino.com\/inicio\/wp-json\/wp\/v2\/pages\/356","targetHints":{"allow":["GET"]}}],"collection":[{"href":"https:\/\/casonadelpino.com\/inicio\/wp-json\/wp\/v2\/pages"}],"about":[{"href":"https:\/\/casonadelpino.com\/inicio\/wp-json\/wp\/v2\/types\/page"}],"author":[{"embeddable":true,"href":"https:\/\/casonadelpino.com\/inicio\/wp-json\/wp\/v2\/users\/2"}],"replies":[{"embeddable":true,"href":"https:\/\/casonadelpino.com\/inicio\/wp-json\/wp\/v2\/comments?post=356"}],"version-history":[{"count":34,"href":"https:\/\/casonadelpino.com\/inicio\/wp-json\/wp\/v2\/pages\/356\/revisions"}],"predecessor-version":[{"id":1144,"href":"https:\/\/casonadelpino.com\/inicio\/wp-json\/wp\/v2\/pages\/356\/revisions\/1144"}],"wp:attachment":[{"href":"https:\/\/casonadelpino.com\/inicio\/wp-json\/wp\/v2\/media?parent=356"}],"curies":[{"name":"wp","href":"https:\/\/api.w.org\/{rel}","templated":true}]}}