{"id":241,"date":"2020-08-29T16:17:25","date_gmt":"2020-08-29T16:17:25","guid":{"rendered":"https:\/\/casonadelpino.com\/inicio\/?page_id=241"},"modified":"2023-03-22T14:03:59","modified_gmt":"2023-03-22T14:03:59","slug":"casona-del-pino","status":"publish","type":"page","link":"https:\/\/casonadelpino.com\/inicio\/casona-del-pino\/","title":{"rendered":"Casona"},"content":{"rendered":"\t\t<div data-elementor-type=\"wp-page\" data-elementor-id=\"241\" class=\"elementor elementor-241\" data-elementor-post-type=\"page\">\n\t\t\t\t\t\t<section class=\"elementor-section elementor-top-section elementor-element elementor-element-c18781a elementor-section-height-min-height elementor-section-boxed elementor-section-height-default elementor-section-items-middle\" data-id=\"c18781a\" data-element_type=\"section\" data-settings=\"{&quot;background_background&quot;:&quot;classic&quot;}\">\n\t\t\t\t\t\t\t<div class=\"elementor-background-overlay\"><\/div>\n\t\t\t\t\t\t\t<div class=\"elementor-container elementor-column-gap-default\">\n\t\t\t\t\t<div class=\"elementor-column elementor-col-100 elementor-top-column elementor-element elementor-element-d25d60a\" data-id=\"d25d60a\" data-element_type=\"column\">\n\t\t\t<div class=\"elementor-widget-wrap\">\n\t\t\t\t\t\t\t<\/div>\n\t\t<\/div>\n\t\t\t\t\t<\/div>\n\t\t<\/section>\n\t\t\t\t<section class=\"elementor-section elementor-top-section elementor-element elementor-element-af91844 elementor-section-boxed elementor-section-height-default elementor-section-height-default\" data-id=\"af91844\" data-element_type=\"section\">\n\t\t\t\t\t\t<div class=\"elementor-container elementor-column-gap-default\">\n\t\t\t\t\t<div class=\"elementor-column elementor-col-50 elementor-top-column elementor-element elementor-element-5fa914f\" data-id=\"5fa914f\" data-element_type=\"column\">\n\t\t\t<div class=\"elementor-widget-wrap elementor-element-populated\">\n\t\t\t\t\t\t<div class=\"elementor-element elementor-element-b4bf2be elementor-widget elementor-widget-image\" data-id=\"b4bf2be\" data-element_type=\"widget\" data-widget_type=\"image.default\">\n\t\t\t\t<div class=\"elementor-widget-container\">\n\t\t\t\t\t\t\t\t\t\t\t\t\t<img fetchpriority=\"high\" decoding=\"async\" width=\"682\" height=\"1024\" src=\"https:\/\/casonadelpino.com\/inicio\/wp-content\/uploads\/2020\/08\/IMG_1493-682x1024.jpg\" class=\"attachment-large size-large wp-image-321\" alt=\"\" srcset=\"https:\/\/casonadelpino.com\/inicio\/wp-content\/uploads\/2020\/08\/IMG_1493-682x1024.jpg 682w, https:\/\/casonadelpino.com\/inicio\/wp-content\/uploads\/2020\/08\/IMG_1493-200x300.jpg 200w, https:\/\/casonadelpino.com\/inicio\/wp-content\/uploads\/2020\/08\/IMG_1493-768x1152.jpg 768w, https:\/\/casonadelpino.com\/inicio\/wp-content\/uploads\/2020\/08\/IMG_1493-1024x1536.jpg 1024w, https:\/\/casonadelpino.com\/inicio\/wp-content\/uploads\/2020\/08\/IMG_1493.jpg 1333w\" sizes=\"(max-width: 682px) 100vw, 682px\" \/>\t\t\t\t\t\t\t\t\t\t\t\t\t<\/div>\n\t\t\t\t<\/div>\n\t\t\t\t<div class=\"elementor-element elementor-element-6248318 elementor-icon-list--layout-traditional elementor-list-item-link-full_width elementor-widget elementor-widget-icon-list\" data-id=\"6248318\" data-element_type=\"widget\" data-widget_type=\"icon-list.default\">\n\t\t\t\t<div class=\"elementor-widget-container\">\n\t\t\t\t\t<ul class=\"elementor-icon-list-items\">\n\t\t\t\t\t\t\t<li class=\"elementor-icon-list-item\">\n\t\t\t\t\t\t\t\t\t\t\t<a href=\"http:\/\/casonadelpino.com\/inicio\/habitaciones\/\">\n\n\t\t\t\t\t\t\t\t\t\t\t\t<span class=\"elementor-icon-list-icon\">\n\t\t\t\t\t\t\t<i aria-hidden=\"true\" class=\"fas fa-bed\"><\/i>\t\t\t\t\t\t<\/span>\n\t\t\t\t\t\t\t\t\t\t<span class=\"elementor-icon-list-text\">Nuestras habitaciones<\/span>\n\t\t\t\t\t\t\t\t\t\t\t<\/a>\n\t\t\t\t\t\t\t\t\t<\/li>\n\t\t\t\t\t\t\t\t<li class=\"elementor-icon-list-item\">\n\t\t\t\t\t\t\t\t\t\t\t<a href=\"http:\/\/casonadelpino.com\/inicio\/hotel\/\">\n\n\t\t\t\t\t\t\t\t\t\t\t\t<span class=\"elementor-icon-list-icon\">\n\t\t\t\t\t\t\t<i aria-hidden=\"true\" class=\"fas fa-home\"><\/i>\t\t\t\t\t\t<\/span>\n\t\t\t\t\t\t\t\t\t\t<span class=\"elementor-icon-list-text\">Nuestro hotel<\/span>\n\t\t\t\t\t\t\t\t\t\t\t<\/a>\n\t\t\t\t\t\t\t\t\t<\/li>\n\t\t\t\t\t\t\t\t<li class=\"elementor-icon-list-item\">\n\t\t\t\t\t\t\t\t\t\t\t<a href=\"http:\/\/casonadelpino.com\/inicio\/desayunos\/\">\n\n\t\t\t\t\t\t\t\t\t\t\t\t<span class=\"elementor-icon-list-icon\">\n\t\t\t\t\t\t\t<i aria-hidden=\"true\" class=\"fas fa-coffee\"><\/i>\t\t\t\t\t\t<\/span>\n\t\t\t\t\t\t\t\t\t\t<span class=\"elementor-icon-list-text\">Nuestros desayunos<\/span>\n\t\t\t\t\t\t\t\t\t\t\t<\/a>\n\t\t\t\t\t\t\t\t\t<\/li>\n\t\t\t\t\t\t<\/ul>\n\t\t\t\t<\/div>\n\t\t\t\t<\/div>\n\t\t\t\t<div class=\"elementor-element elementor-element-1a938c1 elementor-widget elementor-widget-html\" data-id=\"1a938c1\" data-element_type=\"widget\" data-widget_type=\"html.default\">\n\t\t\t\t<div class=\"elementor-widget-container\">\n\t\t\t<script src=\"https:\/\/apps.elfsight.com\/p\/platform.js\" defer><\/script>\r\n<div class=\"elfsight-app-ed14c21f-812b-4984-9927-575fbea30e7e\"><\/div>\t\t<\/div>\n\t\t\t\t<\/div>\n\t\t\t\t\t<\/div>\n\t\t<\/div>\n\t\t\t\t<div class=\"elementor-column elementor-col-50 elementor-top-column elementor-element elementor-element-66a1a52\" data-id=\"66a1a52\" data-element_type=\"column\">\n\t\t\t<div class=\"elementor-widget-wrap elementor-element-populated\">\n\t\t\t\t\t\t<div class=\"elementor-element elementor-element-375ecb3 elementor-widget elementor-widget-heading\" data-id=\"375ecb3\" data-element_type=\"widget\" data-widget_type=\"heading.default\">\n\t\t\t\t<div class=\"elementor-widget-container\">\n\t\t\t<h2 class=\"elementor-heading-title elementor-size-default\">Nuestro hotel... nuestra casa.<\/h2>\t\t<\/div>\n\t\t\t\t<\/div>\n\t\t\t\t<div class=\"elementor-element elementor-element-5469bf7 elementor-widget elementor-widget-text-editor\" data-id=\"5469bf7\" data-element_type=\"widget\" data-widget_type=\"text-editor.default\">\n\t\t\t\t<div class=\"elementor-widget-container\">\n\t\t\t\t\t\t\t<p>A pocas cuadras de la plaza de Fiambal\u00e1 nos encontramos con la imponente casa de la familia del Pino.<\/p><p>Rodeada por centenarios olivos esta importante casa es de las primeras construidas en la zona, su fecha de construcci\u00f3n data del a\u00f1o 1830.<\/p><p>Sus gruesas paredes de adobe, techos de ca\u00f1a y barro y enormes puertas de algarrobo nos transportan al siglo XIX. Desde afuera sorprende el tama\u00f1o, fiel a su \u00e9poca, extendi\u00e9ndose a lo largo de una cuadra. Una vez en su interior nos encontramos con una eterna galer\u00eda en la cual se exhiben tesoros de anta\u00f1o: Tinajas de m\u00e1s de 100 a\u00f1os de antig\u00fcedad, enormes placares de madera delicadamente tallados, camas con sus cabeceras de bronce.<\/p><p>No basta con recorrerla una vez ya que con cada mirada se descubren nuevos detalles. Por esta casa desfilaron importantes personalidades como quien ha sido en una oportunidad presidente de la naci\u00f3n Antonio del Pino.<\/p><p>Actualmente, la casa fue sutilmente restaurada y cuenta con todas las comodidades para alojar a los hu\u00e9spedes m\u00e1s exigentes sin perder su m\u00edstica y encanto colonial, siendo el \u00fanico hotel boutique en la zona con esas caracter\u00edsticas. Es imposible resistirse a degustar un buen vino en su sal\u00f3n de estar, sentarse en la galer\u00eda a disfrutar de un libro durante la siesta o alojarse en una de sus habitaciones de altos techos. Su jard\u00edn lateral parece ser el lugar ideal para sentarse por la tarde a observar como el sol pinta de dorado las monta\u00f1as al ponerse sobre la cordillera de los Andes. Ya sea para alojarse, recorrerla, visitarla, tomar fotograf\u00edas o escuchar las historias que sus due\u00f1os regalan, la Casona del Pino, sin lugar a dudas es un lugar a visitar en Fiambal\u00e1.<\/p>\t\t\t\t\t\t<\/div>\n\t\t\t\t<\/div>\n\t\t\t\t\t<\/div>\n\t\t<\/div>\n\t\t\t\t\t<\/div>\n\t\t<\/section>\n\t\t\t\t<\/div>\n\t\t","protected":false},"excerpt":{"rendered":"<p>Nuestras habitaciones Nuestro hotel Nuestros desayunos Nuestro hotel&#8230; nuestra casa. A pocas cuadras de la plaza de Fiambal\u00e1 nos encontramos con la imponente casa de la familia del Pino. Rodeada [&hellip;]<\/p>\n","protected":false},"author":2,"featured_media":0,"parent":0,"menu_order":0,"comment_status":"closed","ping_status":"closed","template":"","meta":{"site-sidebar-layout":"no-sidebar","site-content-layout":"page-builder","ast-site-content-layout":"default","site-content-style":"default","site-sidebar-style":"default","ast-global-header-display":"","ast-banner-title-visibility":"","ast-main-header-display":"","ast-hfb-above-header-display":"","ast-hfb-below-header-display":"","ast-hfb-mobile-header-display":"","site-post-title":"disabled","ast-breadcrumbs-content":"","ast-featured-img":"disabled","footer-sml-layout":"","theme-transparent-header-meta":"default","adv-header-id-meta":"","stick-header-meta":"","header-above-stick-meta":"","header-main-stick-meta":"","header-below-stick-meta":"","astra-migrate-meta-layouts":"default","ast-page-background-enabled":"default","ast-page-background-meta":{"desktop":{"background-color":"var(--ast-global-color-4)","background-image":"","background-repeat":"repeat","background-position":"center center","background-size":"auto","background-attachment":"scroll","background-type":"","background-media":"","overlay-type":"","overlay-color":"","overlay-opacity":"","overlay-gradient":""},"tablet":{"background-color":"","background-image":"","background-repeat":"repeat","background-position":"center center","background-size":"auto","background-attachment":"scroll","background-type":"","background-media":"","overlay-type":"","overlay-color":"","overlay-opacity":"","overlay-gradient":""},"mobile":{"background-color":"","background-image":"","background-repeat":"repeat","background-position":"center center","background-size":"auto","background-attachment":"scroll","background-type":"","background-media":"","overlay-type":"","overlay-color":"","overlay-opacity":"","overlay-gradient":""}},"ast-content-background-meta":{"desktop":{"background-color":"var(--ast-global-color-5)","background-image":"","background-repeat":"repeat","background-position":"center center","background-size":"auto","background-attachment":"scroll","background-type":"","background-media":"","overlay-type":"","overlay-color":"","overlay-opacity":"","overlay-gradient":""},"tablet":{"background-color":"var(--ast-global-color-5)","background-image":"","background-repeat":"repeat","background-position":"center center","background-size":"auto","background-attachment":"scroll","background-type":"","background-media":"","overlay-type":"","overlay-color":"","overlay-opacity":"","overlay-gradient":""},"mobile":{"background-color":"var(--ast-global-color-5)","background-image":"","background-repeat":"repeat","background-position":"center center","background-size":"auto","background-attachment":"scroll","background-type":"","background-media":"","overlay-type":"","overlay-color":"","overlay-opacity":"","overlay-gradient":""}},"footnotes":""},"class_list":["post-241","page","type-page","status-publish","hentry"],"yoast_head":"<!-- This site is optimized with the Yoast SEO plugin v23.2 - https:\/\/yoast.com\/wordpress\/plugins\/seo\/ -->\n<title>Casona del Pino | hotel boutique en Fiambal\u00e1 | Catamarca<\/title>\n<meta name=\"description\" content=\"Hotel historico en Fiambal\u00e1 Casona del Pino, ubicado en zona centrica cerca de todos los servicios, Casona de 1830 sutilmente reciclada.\" \/>\n<meta name=\"robots\" content=\"index, follow, max-snippet:-1, max-image-preview:large, max-video-preview:-1\" \/>\n<link rel=\"canonical\" href=\"https:\/\/casonadelpino.com\/inicio\/casona-del-pino\/\" \/>\n<meta property=\"og:locale\" content=\"es_ES\" \/>\n<meta property=\"og:type\" content=\"article\" \/>\n<meta property=\"og:title\" content=\"Casona del Pino | hotel boutique en Fiambal\u00e1 | Catamarca\" \/>\n<meta property=\"og:description\" content=\"Hotel historico en Fiambal\u00e1 Casona del Pino, ubicado en zona centrica cerca de todos los servicios, Casona de 1830 sutilmente reciclada.\" \/>\n<meta property=\"og:url\" content=\"https:\/\/casonadelpino.com\/inicio\/casona-del-pino\/\" \/>\n<meta property=\"og:site_name\" content=\"Casona del Pino\" \/>\n<meta property=\"article:modified_time\" content=\"2023-03-22T14:03:59+00:00\" \/>\n<meta property=\"og:image\" content=\"https:\/\/casonadelpino.com\/inicio\/wp-content\/uploads\/2020\/08\/IMG_1493-682x1024.jpg\" \/>\n<meta name=\"twitter:card\" content=\"summary_large_image\" \/>\n<meta name=\"twitter:label1\" content=\"Tiempo de lectura\" \/>\n\t<meta name=\"twitter:data1\" content=\"2 minutos\" \/>\n<script type=\"application\/ld+json\" class=\"yoast-schema-graph\">{\"@context\":\"https:\/\/schema.org\",\"@graph\":[{\"@type\":\"WebPage\",\"@id\":\"https:\/\/casonadelpino.com\/inicio\/casona-del-pino\/\",\"url\":\"https:\/\/casonadelpino.com\/inicio\/casona-del-pino\/\",\"name\":\"Casona del Pino | hotel boutique en Fiambal\u00e1 | Catamarca\",\"isPartOf\":{\"@id\":\"https:\/\/casonadelpino.com\/inicio\/#website\"},\"primaryImageOfPage\":{\"@id\":\"https:\/\/casonadelpino.com\/inicio\/casona-del-pino\/#primaryimage\"},\"image\":{\"@id\":\"https:\/\/casonadelpino.com\/inicio\/casona-del-pino\/#primaryimage\"},\"thumbnailUrl\":\"https:\/\/casonadelpino.com\/inicio\/wp-content\/uploads\/2020\/08\/IMG_1493-682x1024.jpg\",\"datePublished\":\"2020-08-29T16:17:25+00:00\",\"dateModified\":\"2023-03-22T14:03:59+00:00\",\"description\":\"Hotel historico en Fiambal\u00e1 Casona del Pino, ubicado en zona centrica cerca de todos los servicios, Casona de 1830 sutilmente reciclada.\",\"inLanguage\":\"es\",\"potentialAction\":[{\"@type\":\"ReadAction\",\"target\":[\"https:\/\/casonadelpino.com\/inicio\/casona-del-pino\/\"]}]},{\"@type\":\"ImageObject\",\"inLanguage\":\"es\",\"@id\":\"https:\/\/casonadelpino.com\/inicio\/casona-del-pino\/#primaryimage\",\"url\":\"https:\/\/casonadelpino.com\/inicio\/wp-content\/uploads\/2020\/08\/IMG_1493.jpg\",\"contentUrl\":\"https:\/\/casonadelpino.com\/inicio\/wp-content\/uploads\/2020\/08\/IMG_1493.jpg\",\"width\":1333,\"height\":2000},{\"@type\":\"WebSite\",\"@id\":\"https:\/\/casonadelpino.com\/inicio\/#website\",\"url\":\"https:\/\/casonadelpino.com\/inicio\/\",\"name\":\"Casona del Pino\",\"description\":\"Hotel Boutique en Fiambal\u00e1\",\"publisher\":{\"@id\":\"https:\/\/casonadelpino.com\/inicio\/#organization\"},\"potentialAction\":[{\"@type\":\"SearchAction\",\"target\":{\"@type\":\"EntryPoint\",\"urlTemplate\":\"https:\/\/casonadelpino.com\/inicio\/?s={search_term_string}\"},\"query-input\":\"required name=search_term_string\"}],\"inLanguage\":\"es\"},{\"@type\":\"Organization\",\"@id\":\"https:\/\/casonadelpino.com\/inicio\/#organization\",\"name\":\"Casona del Pino\",\"url\":\"https:\/\/casonadelpino.com\/inicio\/\",\"logo\":{\"@type\":\"ImageObject\",\"inLanguage\":\"es\",\"@id\":\"https:\/\/casonadelpino.com\/inicio\/#\/schema\/logo\/image\/\",\"url\":\"https:\/\/casonadelpino.com\/inicio\/wp-content\/uploads\/2020\/08\/cropped-logo.png\",\"contentUrl\":\"https:\/\/casonadelpino.com\/inicio\/wp-content\/uploads\/2020\/08\/cropped-logo.png\",\"width\":215,\"height\":80,\"caption\":\"Casona del Pino\"},\"image\":{\"@id\":\"https:\/\/casonadelpino.com\/inicio\/#\/schema\/logo\/image\/\"}}]}<\/script>\n<!-- \/ Yoast SEO plugin. -->","yoast_head_json":{"title":"Casona del Pino | hotel boutique en Fiambal\u00e1 | Catamarca","description":"Hotel historico en Fiambal\u00e1 Casona del Pino, ubicado en zona centrica cerca de todos los servicios, Casona de 1830 sutilmente reciclada.","robots":{"index":"index","follow":"follow","max-snippet":"max-snippet:-1","max-image-preview":"max-image-preview:large","max-video-preview":"max-video-preview:-1"},"canonical":"https:\/\/casonadelpino.com\/inicio\/casona-del-pino\/","og_locale":"es_ES","og_type":"article","og_title":"Casona del Pino | hotel boutique en Fiambal\u00e1 | Catamarca","og_description":"Hotel historico en Fiambal\u00e1 Casona del Pino, ubicado en zona centrica cerca de todos los servicios, Casona de 1830 sutilmente reciclada.","og_url":"https:\/\/casonadelpino.com\/inicio\/casona-del-pino\/","og_site_name":"Casona del Pino","article_modified_time":"2023-03-22T14:03:59+00:00","og_image":[{"url":"https:\/\/casonadelpino.com\/inicio\/wp-content\/uploads\/2020\/08\/IMG_1493-682x1024.jpg"}],"twitter_card":"summary_large_image","twitter_misc":{"Tiempo de lectura":"2 minutos"},"schema":{"@context":"https:\/\/schema.org","@graph":[{"@type":"WebPage","@id":"https:\/\/casonadelpino.com\/inicio\/casona-del-pino\/","url":"https:\/\/casonadelpino.com\/inicio\/casona-del-pino\/","name":"Casona del Pino | hotel boutique en Fiambal\u00e1 | Catamarca","isPartOf":{"@id":"https:\/\/casonadelpino.com\/inicio\/#website"},"primaryImageOfPage":{"@id":"https:\/\/casonadelpino.com\/inicio\/casona-del-pino\/#primaryimage"},"image":{"@id":"https:\/\/casonadelpino.com\/inicio\/casona-del-pino\/#primaryimage"},"thumbnailUrl":"https:\/\/casonadelpino.com\/inicio\/wp-content\/uploads\/2020\/08\/IMG_1493-682x1024.jpg","datePublished":"2020-08-29T16:17:25+00:00","dateModified":"2023-03-22T14:03:59+00:00","description":"Hotel historico en Fiambal\u00e1 Casona del Pino, ubicado en zona centrica cerca de todos los servicios, Casona de 1830 sutilmente reciclada.","inLanguage":"es","potentialAction":[{"@type":"ReadAction","target":["https:\/\/casonadelpino.com\/inicio\/casona-del-pino\/"]}]},{"@type":"ImageObject","inLanguage":"es","@id":"https:\/\/casonadelpino.com\/inicio\/casona-del-pino\/#primaryimage","url":"https:\/\/casonadelpino.com\/inicio\/wp-content\/uploads\/2020\/08\/IMG_1493.jpg","contentUrl":"https:\/\/casonadelpino.com\/inicio\/wp-content\/uploads\/2020\/08\/IMG_1493.jpg","width":1333,"height":2000},{"@type":"WebSite","@id":"https:\/\/casonadelpino.com\/inicio\/#website","url":"https:\/\/casonadelpino.com\/inicio\/","name":"Casona del Pino","description":"Hotel Boutique en Fiambal\u00e1","publisher":{"@id":"https:\/\/casonadelpino.com\/inicio\/#organization"},"potentialAction":[{"@type":"SearchAction","target":{"@type":"EntryPoint","urlTemplate":"https:\/\/casonadelpino.com\/inicio\/?s={search_term_string}"},"query-input":"required name=search_term_string"}],"inLanguage":"es"},{"@type":"Organization","@id":"https:\/\/casonadelpino.com\/inicio\/#organization","name":"Casona del Pino","url":"https:\/\/casonadelpino.com\/inicio\/","logo":{"@type":"ImageObject","inLanguage":"es","@id":"https:\/\/casonadelpino.com\/inicio\/#\/schema\/logo\/image\/","url":"https:\/\/casonadelpino.com\/inicio\/wp-content\/uploads\/2020\/08\/cropped-logo.png","contentUrl":"https:\/\/casonadelpino.com\/inicio\/wp-content\/uploads\/2020\/08\/cropped-logo.png","width":215,"height":80,"caption":"Casona del Pino"},"image":{"@id":"https:\/\/casonadelpino.com\/inicio\/#\/schema\/logo\/image\/"}}]}},"_links":{"self":[{"href":"https:\/\/casonadelpino.com\/inicio\/wp-json\/wp\/v2\/pages\/241","targetHints":{"allow":["GET"]}}],"collection":[{"href":"https:\/\/casonadelpino.com\/inicio\/wp-json\/wp\/v2\/pages"}],"about":[{"href":"https:\/\/casonadelpino.com\/inicio\/wp-json\/wp\/v2\/types\/page"}],"author":[{"embeddable":true,"href":"https:\/\/casonadelpino.com\/inicio\/wp-json\/wp\/v2\/users\/2"}],"replies":[{"embeddable":true,"href":"https:\/\/casonadelpino.com\/inicio\/wp-json\/wp\/v2\/comments?post=241"}],"version-history":[{"count":42,"href":"https:\/\/casonadelpino.com\/inicio\/wp-json\/wp\/v2\/pages\/241\/revisions"}],"predecessor-version":[{"id":1149,"href":"https:\/\/casonadelpino.com\/inicio\/wp-json\/wp\/v2\/pages\/241\/revisions\/1149"}],"wp:attachment":[{"href":"https:\/\/casonadelpino.com\/inicio\/wp-json\/wp\/v2\/media?parent=241"}],"curies":[{"name":"wp","href":"https:\/\/api.w.org\/{rel}","templated":true}]}}